{"id":10,"date":"2023-08-24T10:03:35","date_gmt":"2023-08-24T10:03:35","guid":{"rendered":"http:\/\/tnv.wig.mybluehost.me\/?page_id=10"},"modified":"2026-03-02T06:30:28","modified_gmt":"2026-03-02T06:30:28","slug":"return-exchange","status":"publish","type":"page","link":"https:\/\/barfussshop.ch\/de\/return-exchange\/","title":{"rendered":"Return &#038; Exchange"},"content":{"rendered":"<div>\r\n<div><b><span style=\"color: #108078;\">Allgemeine Informationen<\/span><\/b><\/div>\r\n<div><span style=\"color: #108078;\">\u00a0Umtausch\/ R\u00fcckgabe<\/span><\/div>\r\n<div>Wenn die Barfussschuhe nicht passen, haben Sie 14 Tage Zeit, die Schuhe zur\u00fcckzugeben. Die R\u00fccksendekosten sind von Ihnen zu tragen.<\/div>\r\n<div>Bitte probieren Sie die Schuhe nur auf sauberem Boden (drinnen) mit sauberen F\u00fcssen und mit sauberen Socken an. Wir nehmen nur Schuhe als Neuschuhe mit intakter Verkaufsverpackung zur\u00fcck. Ausgeschlossen von der R\u00fcckgabe sind bereits getragene Barfussschuhe.\u00a0<\/div>\r\n<div>Aus hygienischen Gr\u00fcnden sollten Sie beim Anprobieren von Barfussschuhen immer Socken tragen.<\/div>\r\n<div>Wenn Sie Fragen haben, k\u00f6nnen Sie uns gerne eine E-Mail schreiben an <a href=\"mailto:info@barfussschuhe.ch\" target=\"_blank\" rel=\"noopener\">info@barfussshop.ch<\/a><\/div>\r\n<div>Die Bearbeitung (R\u00fcckgabe\/Umtausch) kann bis zu zwei Wochen dauern.<\/div>\r\n<\/div>\r\n<div>\u00a0<\/div>\r\n<div>\r\n<div><b><span style=\"color: #108078;\">Umtausch<\/span><\/b><\/div>\r\n<div>\r\n<div>\u00a0Wenn das Material des Schuhs defekt ist und als gerechtfertigt befunden wird, wird er umgetauscht.. Die Rechtfertigung erfolgt, wenn der Kunde eine schriftliche Reklamation zusammen mit den Fotos des Mangels\/der M\u00e4ngel schickt. Wir pr\u00fcfen jeden einzelnen Fall, beraten uns mit dem Hersteller und entscheiden dann, ob die Reklamation berechtigt ist.  Beanstandungen, die sich auf produktionsbedingte Fragen beziehen, wie z. B. die Art des Strickens, die f\u00fcr eine optimale Passform notwendig ist, werden nicht als Mangel betrachtet. Bitte gehen Sie wie folgt vor, um eine Reklamation einzureichen:<\/div>\r\n<div>1) Machen Sie bitte ein Foto des Fehlers in guter Qualit\u00e4t.<\/div>\r\n<div>2) Schicken Sie uns eine E-Mail an\u00a0<a href=\"mailto:info@tnv.wig.mybluehost.me\" target=\"_blank\" rel=\"noopener\">info@<\/a><a href=\"mailto:info@barfussschuhe.ch\" target=\"_blank\" rel=\"noopener\">barfussshop.ch<\/a>\u00a0 mit dem Foto und einer kurzen Beschreibung des Mangels.<\/div>\r\n<div>3) Schicken Sie den reklamierten Schuh nicht zur\u00fcck, sondern behalten Sie ihn bis zur Kl\u00e4rung.<\/div>\r\n<div>Bitte haben Sie Verst\u00e4ndnis daf\u00fcr, dass wir die Reklamation mit dem Hersteller kl\u00e4ren und Ihnen mitteilen werden, ob die Reklamation akzeptiert wird und wie Sie weiter vorgehen k\u00f6nnen. Dies kann bis zu 14 Tage nach Eingang einer Reklamation dauern.<\/div>\r\n<div>4) Wenn die Reklamation berechtigt ist und anerkannt wird, erhalten Sie ein kostenloses Ersatzmodell (kostenloser Versand), in der identischen Gr\u00f6sse und Farbe, sofern es noch verf\u00fcgbar ist, andernfalls wird ein Alternativmodell zur Verf\u00fcgung gestellt. Wird die Reklamation nicht anerkannt, versuchen wir im Sinne des guten Willens ebenfalls, Kompromissl\u00f6sungen zu finden.\u00a0<\/div>\r\n<div>\u00a0<\/div>\r\n<div>\r\n<div><b><span style=\"color: #108078;\">R\u00fcckgabe<\/span><\/b><\/div>\r\n<div>Schuhe k\u00f6nnen nicht zur\u00fcckgegeben werden und werden nicht unter diesen Umst\u00e4nden akzeptiert werden:<\/div>\r\n<div>1) Wenn mehr als 14 Tage nach dem Kauf der Schuhe vergangen sind.\u00a0<\/div>\r\n<div>2) Wenn die gekauften Barfussschuhe im Freien benutzt wurden.<\/div>\r\n<div>3) Wenn die gekauften Schuhe Flecken haben, Haare an den Schuhen anhaften und\/oder in irgendeiner Form stinken (z.B. Nikotin).\u00a0<\/div>\r\n<div>4) Wenn die gekauften Schuhe bereits gewaschen worden sind.\u00a0<\/div>\r\n<div>\u00a0<\/div>\r\n<div>Wenn der Kunde die R\u00fcckgaberichtlinien erf\u00fcllt, kann der Kunde zwischen einer ausschliesslichen R\u00fcckerstattung per Twint oder einer \u00dcberweisung auf das Kundenkonto w\u00e4hlen. Das Geld wird nicht auf die Kreditkarte des Kunden zur\u00fcck\u00fcberwiesen. Der Kunde kann auch einen Geschenkgutschein anfordern.\u00a0<\/div>\r\n<div>\u00a0<\/div>\r\n<div>Bitte befolgen Sie f\u00fcr eine reibungslose R\u00fcckgabe die folgenden zwei Schritte<\/div>\r\n<div>1) Kopieren Sie bitte die Online-Rechnung oder den Kassenbon und legen Sie diese dem Paket bei.\u00a0<\/div>\r\n<div>2) Adressieren Sie die R\u00fccksendung an: Yogazentrum Ganapati, T\u00f6sstalstrasse 16, 8400 Winterthur. Bitte vergessen Sie nicht, Ihre Adresse auf das Paket zu schreiben und das Paket zu frankieren.\u00a0<\/div>\r\n<div>Sobald das Paket bei uns eintrifft, wird die R\u00fcckgabe innerhalb von 2 Wochen von uns bearbeitet. \nSie erreichen uns per E-Mail <a href=\"mailto:info@barfussscuhe.ch\" target=\"_blank\" rel=\"noopener\">info@<\/a><a href=\"mailto:info@barfussschuhe.ch\" target=\"_blank\" rel=\"noopener\">barfussshop.ch<\/a><\/div>\r\n<\/div>\r\n<\/div>\r\n<\/div>","protected":false},"excerpt":{"rendered":"<p>General information \u00a0Exchange\/ Return If the barefoot shoes do not fit, you have 14 days to return the shoes. The return costs are to be borne by you. Please try the shoes only on clean ground (indoor) with clean feet and with clean socks. We take back only shoes as new shoes with intact sales [&hellip;]<\/p>\n","protected":false},"author":1,"featured_media":0,"parent":0,"menu_order":0,"comment_status":"closed","ping_status":"closed","template":"","meta":{"nf_dc_page":"","ocean_post_layout":"","ocean_both_sidebars_style":"","ocean_both_sidebars_content_width":0,"ocean_both_sidebars_sidebars_width":0,"ocean_sidebar":"0","ocean_second_sidebar":"0","ocean_disable_margins":"enable","ocean_add_body_class":"","ocean_shortcode_before_top_bar":"","ocean_shortcode_after_top_bar":"","ocean_shortcode_before_header":"","ocean_shortcode_after_header":"","ocean_has_shortcode":"","ocean_shortcode_after_title":"","ocean_shortcode_before_footer_widgets":"","ocean_shortcode_after_footer_widgets":"","ocean_shortcode_before_footer_bottom":"","ocean_shortcode_after_footer_bottom":"","ocean_display_top_bar":"default","ocean_display_header":"default","ocean_header_style":"","ocean_center_header_left_menu":"0","ocean_custom_header_template":"0","ocean_custom_logo":0,"ocean_custom_retina_logo":0,"ocean_custom_logo_max_width":0,"ocean_custom_logo_tablet_max_width":0,"ocean_custom_logo_mobile_max_width":0,"ocean_custom_logo_max_height":0,"ocean_custom_logo_tablet_max_height":0,"ocean_custom_logo_mobile_max_height":0,"ocean_header_custom_menu":"0","ocean_menu_typo_font_family":"0","ocean_menu_typo_font_subset":"","ocean_menu_typo_font_size":0,"ocean_menu_typo_font_size_tablet":0,"ocean_menu_typo_font_size_mobile":0,"ocean_menu_typo_font_size_unit":"px","ocean_menu_typo_font_weight":"","ocean_menu_typo_font_weight_tablet":"","ocean_menu_typo_font_weight_mobile":"","ocean_menu_typo_transform":"","ocean_menu_typo_transform_tablet":"","ocean_menu_typo_transform_mobile":"","ocean_menu_typo_line_height":0,"ocean_menu_typo_line_height_tablet":0,"ocean_menu_typo_line_height_mobile":0,"ocean_menu_typo_line_height_unit":"","ocean_menu_typo_spacing":0,"ocean_menu_typo_spacing_tablet":0,"ocean_menu_typo_spacing_mobile":0,"ocean_menu_typo_spacing_unit":"","ocean_menu_link_color":"","ocean_menu_link_color_hover":"","ocean_menu_link_color_active":"","ocean_menu_link_background":"","ocean_menu_link_hover_background":"","ocean_menu_link_active_background":"","ocean_menu_social_links_bg":"","ocean_menu_social_hover_links_bg":"","ocean_menu_social_links_color":"","ocean_menu_social_hover_links_color":"","ocean_disable_title":"default","ocean_disable_heading":"default","ocean_post_title":"","ocean_post_subheading":"","ocean_post_title_style":"","ocean_post_title_background_color":"","ocean_post_title_background":0,"ocean_post_title_bg_image_position":"","ocean_post_title_bg_image_attachment":"","ocean_post_title_bg_image_repeat":"","ocean_post_title_bg_image_size":"","ocean_post_title_height":0,"ocean_post_title_bg_overlay":0.5,"ocean_post_title_bg_overlay_color":"","ocean_disable_breadcrumbs":"default","ocean_breadcrumbs_color":"","ocean_breadcrumbs_separator_color":"","ocean_breadcrumbs_links_color":"","ocean_breadcrumbs_links_hover_color":"","ocean_display_footer_widgets":"default","ocean_display_footer_bottom":"default","ocean_custom_footer_template":"0","footnotes":""},"class_list":["post-10","page","type-page","status-publish","hentry","entry","owp-thumbs-layout-horizontal","owp-btn-normal","owp-tabs-layout-horizontal","has-no-thumbnails","has-product-nav"],"yoast_head":"<!-- This site is optimized with the Yoast SEO plugin v27.4 - https:\/\/yoast.com\/product\/yoast-seo-wordpress\/ -->\n<title>Return &amp; Exchange - Barfuss Shop<\/title>\n<meta name=\"robots\" content=\"noindex, follow\" \/>\n<meta property=\"og:locale\" content=\"de_DE\" \/>\n<meta property=\"og:type\" content=\"article\" \/>\n<meta property=\"og:title\" content=\"Return &amp; Exchange - Barfuss Shop\" \/>\n<meta property=\"og:description\" content=\"General information \u00a0Exchange\/ Return If the barefoot shoes do not fit, you have 14 days to return the shoes. The return costs are to be borne by you. Please try the shoes only on clean ground (indoor) with clean feet and with clean socks. We take back only shoes as new shoes with intact sales [&hellip;]\" \/>\n<meta property=\"og:url\" content=\"https:\/\/barfussshop.ch\/de\/return-exchange\/\" \/>\n<meta property=\"og:site_name\" content=\"Barfuss Shop\" \/>\n<meta property=\"article:publisher\" content=\"https:\/\/www.facebook.com\/barfussshop.ch\" \/>\n<meta property=\"article:modified_time\" content=\"2026-03-02T06:30:28+00:00\" \/>\n<meta name=\"twitter:card\" content=\"summary_large_image\" \/>\n<meta name=\"twitter:label1\" content=\"Gesch\u00e4tzte Lesezeit\" \/>\n\t<meta name=\"twitter:data1\" content=\"3\u00a0Minuten\" \/>\n<script type=\"application\/ld+json\" class=\"yoast-schema-graph\">{\"@context\":\"https:\\\/\\\/schema.org\",\"@graph\":[{\"@type\":\"WebPage\",\"@id\":\"https:\\\/\\\/barfussshop.ch\\\/return-exchange\\\/\",\"url\":\"https:\\\/\\\/barfussshop.ch\\\/return-exchange\\\/\",\"name\":\"Return & Exchange - Barfuss Shop\",\"isPartOf\":{\"@id\":\"https:\\\/\\\/barfussshop.ch\\\/#website\"},\"datePublished\":\"2023-08-24T10:03:35+00:00\",\"dateModified\":\"2026-03-02T06:30:28+00:00\",\"breadcrumb\":{\"@id\":\"https:\\\/\\\/barfussshop.ch\\\/return-exchange\\\/#breadcrumb\"},\"inLanguage\":\"de\",\"potentialAction\":[{\"@type\":\"ReadAction\",\"target\":[\"https:\\\/\\\/barfussshop.ch\\\/return-exchange\\\/\"]}]},{\"@type\":\"BreadcrumbList\",\"@id\":\"https:\\\/\\\/barfussshop.ch\\\/return-exchange\\\/#breadcrumb\",\"itemListElement\":[{\"@type\":\"ListItem\",\"position\":1,\"name\":\"Home\",\"item\":\"https:\\\/\\\/barfussshop.ch\\\/\"},{\"@type\":\"ListItem\",\"position\":2,\"name\":\"Return &#038; Exchange\"}]},{\"@type\":\"WebSite\",\"@id\":\"https:\\\/\\\/barfussshop.ch\\\/#website\",\"url\":\"https:\\\/\\\/barfussshop.ch\\\/\",\"name\":\"Barfuss Shop\",\"description\":\"Barfuss Shop\",\"publisher\":{\"@id\":\"https:\\\/\\\/barfussshop.ch\\\/#organization\"},\"potentialAction\":[{\"@type\":\"SearchAction\",\"target\":{\"@type\":\"EntryPoint\",\"urlTemplate\":\"https:\\\/\\\/barfussshop.ch\\\/?s={search_term_string}\"},\"query-input\":{\"@type\":\"PropertyValueSpecification\",\"valueRequired\":true,\"valueName\":\"search_term_string\"}}],\"inLanguage\":\"de\"},{\"@type\":\"Organization\",\"@id\":\"https:\\\/\\\/barfussshop.ch\\\/#organization\",\"name\":\"Barfuss Shop\",\"url\":\"https:\\\/\\\/barfussshop.ch\\\/\",\"logo\":{\"@type\":\"ImageObject\",\"inLanguage\":\"de\",\"@id\":\"https:\\\/\\\/barfussshop.ch\\\/#\\\/schema\\\/logo\\\/image\\\/\",\"url\":\"https:\\\/\\\/i0.wp.com\\\/barfussshop.ch\\\/wp-content\\\/uploads\\\/2025\\\/02\\\/barfuss-logo.png?fit=191%2C45&ssl=1\",\"contentUrl\":\"https:\\\/\\\/i0.wp.com\\\/barfussshop.ch\\\/wp-content\\\/uploads\\\/2025\\\/02\\\/barfuss-logo.png?fit=191%2C45&ssl=1\",\"width\":191,\"height\":45,\"caption\":\"Barfuss Shop\"},\"image\":{\"@id\":\"https:\\\/\\\/barfussshop.ch\\\/#\\\/schema\\\/logo\\\/image\\\/\"},\"sameAs\":[\"https:\\\/\\\/www.facebook.com\\\/barfussshop.ch\",\"https:\\\/\\\/www.instagram.com\\\/barfussschuhe_ch\\\/\"]}]}<\/script>\n<!-- \/ Yoast SEO plugin. -->","yoast_head_json":{"title":"Return & Exchange - Barfuss Shop","robots":{"index":"noindex","follow":"follow"},"og_locale":"de_DE","og_type":"article","og_title":"Return & Exchange - Barfuss Shop","og_description":"General information \u00a0Exchange\/ Return If the barefoot shoes do not fit, you have 14 days to return the shoes. The return costs are to be borne by you. Please try the shoes only on clean ground (indoor) with clean feet and with clean socks. We take back only shoes as new shoes with intact sales [&hellip;]","og_url":"https:\/\/barfussshop.ch\/de\/return-exchange\/","og_site_name":"Barfuss Shop","article_publisher":"https:\/\/www.facebook.com\/barfussshop.ch","article_modified_time":"2026-03-02T06:30:28+00:00","twitter_card":"summary_large_image","twitter_misc":{"Gesch\u00e4tzte Lesezeit":"3\u00a0Minuten"},"schema":{"@context":"https:\/\/schema.org","@graph":[{"@type":"WebPage","@id":"https:\/\/barfussshop.ch\/return-exchange\/","url":"https:\/\/barfussshop.ch\/return-exchange\/","name":"Return & Exchange - Barfuss Shop","isPartOf":{"@id":"https:\/\/barfussshop.ch\/#website"},"datePublished":"2023-08-24T10:03:35+00:00","dateModified":"2026-03-02T06:30:28+00:00","breadcrumb":{"@id":"https:\/\/barfussshop.ch\/return-exchange\/#breadcrumb"},"inLanguage":"de","potentialAction":[{"@type":"ReadAction","target":["https:\/\/barfussshop.ch\/return-exchange\/"]}]},{"@type":"BreadcrumbList","@id":"https:\/\/barfussshop.ch\/return-exchange\/#breadcrumb","itemListElement":[{"@type":"ListItem","position":1,"name":"Home","item":"https:\/\/barfussshop.ch\/"},{"@type":"ListItem","position":2,"name":"Return &#038; Exchange"}]},{"@type":"WebSite","@id":"https:\/\/barfussshop.ch\/#website","url":"https:\/\/barfussshop.ch\/","name":"Barfuss Shop","description":"Barfuss Shop","publisher":{"@id":"https:\/\/barfussshop.ch\/#organization"},"potentialAction":[{"@type":"SearchAction","target":{"@type":"EntryPoint","urlTemplate":"https:\/\/barfussshop.ch\/?s={search_term_string}"},"query-input":{"@type":"PropertyValueSpecification","valueRequired":true,"valueName":"search_term_string"}}],"inLanguage":"de"},{"@type":"Organization","@id":"https:\/\/barfussshop.ch\/#organization","name":"Barfuss Shop","url":"https:\/\/barfussshop.ch\/","logo":{"@type":"ImageObject","inLanguage":"de","@id":"https:\/\/barfussshop.ch\/#\/schema\/logo\/image\/","url":"https:\/\/i0.wp.com\/barfussshop.ch\/wp-content\/uploads\/2025\/02\/barfuss-logo.png?fit=191%2C45&ssl=1","contentUrl":"https:\/\/i0.wp.com\/barfussshop.ch\/wp-content\/uploads\/2025\/02\/barfuss-logo.png?fit=191%2C45&ssl=1","width":191,"height":45,"caption":"Barfuss Shop"},"image":{"@id":"https:\/\/barfussshop.ch\/#\/schema\/logo\/image\/"},"sameAs":["https:\/\/www.facebook.com\/barfussshop.ch","https:\/\/www.instagram.com\/barfussschuhe_ch\/"]}]}},"jetpack_sharing_enabled":true,"_links":{"self":[{"href":"https:\/\/barfussshop.ch\/de\/wp-json\/wp\/v2\/pages\/10","targetHints":{"allow":["GET"]}}],"collection":[{"href":"https:\/\/barfussshop.ch\/de\/wp-json\/wp\/v2\/pages"}],"about":[{"href":"https:\/\/barfussshop.ch\/de\/wp-json\/wp\/v2\/types\/page"}],"author":[{"embeddable":true,"href":"https:\/\/barfussshop.ch\/de\/wp-json\/wp\/v2\/users\/1"}],"replies":[{"embeddable":true,"href":"https:\/\/barfussshop.ch\/de\/wp-json\/wp\/v2\/comments?post=10"}],"version-history":[{"count":7,"href":"https:\/\/barfussshop.ch\/de\/wp-json\/wp\/v2\/pages\/10\/revisions"}],"predecessor-version":[{"id":2223,"href":"https:\/\/barfussshop.ch\/de\/wp-json\/wp\/v2\/pages\/10\/revisions\/2223"}],"wp:attachment":[{"href":"https:\/\/barfussshop.ch\/de\/wp-json\/wp\/v2\/media?parent=10"}],"curies":[{"name":"wp","href":"https:\/\/api.w.org\/{rel}","templated":true}]}}