{"id":1235,"date":"2023-08-24T11:41:33","date_gmt":"2023-08-24T11:41:33","guid":{"rendered":"http:\/\/tnv.wig.mybluehost.me\/?page_id=1235"},"modified":"2026-03-02T06:30:25","modified_gmt":"2026-03-02T06:30:25","slug":"terms-of-use","status":"publish","type":"page","link":"https:\/\/barfussshop.ch\/de\/terms-of-use\/","title":{"rendered":"Terms of use"},"content":{"rendered":"<div><strong style=\"color: #108078;\">Allgemeine Gesch\u00e4ftsbedingungen (AGB) &amp; Datenschutz<\/strong><br \/><br \/><b style=\"color: #108078;\">1. Allgemeines<\/b><br \/>Die Website\u00a0<a href=\"http:\/\/tnv.wig.mybluehost.me\/\" target=\"_blank\" rel=\"noopener\" data-saferedirecturl=\"https:\/\/www.google.com\/url?q=http:\/\/tnv.wig.mybluehost.me&amp;source=gmail&amp;ust=1692960332450000&amp;usg=AOvVaw03SiilB93j8Tp3QlhtIkML\">https:\/\/barfussshop.ch<\/a>\u00a0geh\u00f6rt zu IndiRun. IndiRun ist bestrebt, Sie stets zu Ihrer vollsten Zufriedenheit zu bedienen. Dazu geh\u00f6ren auch faire Bedingungen und Konditionen.<br \/><br \/>Der Vertrag kommt zwischen Ihnen als Kunde und IndiRun, Indranil Bhattacharya, Langgasse 63, 8400 Winterthur zustande. Der Vertrag kommt zustande, wenn ich Ihre Bestellung auf dieser Website durch meine Auftragsbest\u00e4tigung annehme. Sie erhalten nach jeder Bestellung eine E-Mail zur Best\u00e4tigung.<br \/><br \/>Wenn Sie Fragen allgemein oder zu meinen Gesch\u00e4ftsbedingungen haben, kontaktieren Sie mich bitte unter info@tnv.wig.mybluehost.me. Die in diesem Vertrag genannten Preise f\u00fcr Lieferungen und Leistungen verstehen sich in Schweizer Franken, im Folgenden abgek\u00fcrzt CHF oder Fr. genannt.\u00a0<a href=\"mailto:info@barfussschop.ch\" target=\"_blank\" rel=\"noopener\">info@barfussschop.ch<\/a>. The prices for deliveries and services stated in this contract are in Swiss Francs, abbreviated CHF or Fr. below.\r\n<div><b>\u00a0<\/b><\/div>\r\n<div><b style=\"color: #108078;\">2. Annahme der Bestellung<\/b><br \/>Der Vertrag zwischen dem Kunden und IndiRun kommt erst durch die Annahme der Bestellung durch IndiRun zustande. Die Bestellung des Kunden erfolgt \u00fcber das Internet und ist verbindlich. IndiRun nimmt die Bestellung durch Zusendung einer Auftragsbest\u00e4tigung per E-Mail an den Kunden an.<\/div>\r\n<div>\u00a0<\/div>\r\n<div><b style=\"color: #108078;\">3. Die Lieferbedingungen<\/b><br \/>Die Lieferung der Ware erfolgt in der Regel ab unserem Lager in Winterthur, Schweiz. Der Kunde erh\u00e4lt die Ware in der Regel innerhalb von 4-5 Arbeitstagen. Ich werde mich stets bem\u00fchen, die von mir angegebenen Lieferfristen einzuhalten. Beim Eintritt von Betriebsst\u00f6rungen, die ich oder mein Vorlieferant nicht zu vertreten haben, insbesondere bei Arbeitsniederlegungen, Aussperrungen sowie bei Eintritt unvorhersehbarer Ereignisse, die ich nicht zu vertreten habe, verl\u00e4ngert sich die Lieferfrist entsprechend. Etwaige Lieferverz\u00f6gerungen berechtigen nicht zum R\u00fccktritt von der Bestellung oder zu Schadensersatzanspr\u00fcchen. Die Lieferung gilt als erf\u00fcllt, wenn die Ware mein Lager verl\u00e4sst.\u00a0<br \/><br \/>Sollte ich den Artikel nicht vorr\u00e4tig haben, werde ich Sie dar\u00fcber informieren und Ihnen die Ware unverz\u00fcglich nach Erhalt zusenden. Die Lieferung erfolgt per Post. Lieferungen werden nur in die Schweiz vorgenommen. Ich behalte mir das Recht vor, auf Vorauszahlung zu bestehen.<\/div>\r\n<div>\u00a0<\/div>\r\n<div><b style=\"color: #108078;\">4. Kosten f\u00fcr den Versand<\/b><br \/>F\u00fcr alle Sendungen berechne ich CHF 7.00 inklusive Verpackungs- und Portokosten.  Sollten die Versandgewichte h\u00f6her sein, so wird dies dem Kunden entsprechend mitgeteilt.\u00a0<\/div>\r\n<div><br \/><b style=\"color: #108078;\">5. Mindestbestellwert\u00a0<\/b><br \/>Es gibt keinen Mindestbestellwert.<\/div>\r\n<div>\u00a0<\/div>\r\n<div><b style=\"color: #108078;\">6. R\u00fcckgaberecht\/ Erstattung\/ Umtausch<\/b><br \/>Die Ware kann zur\u00fcckgegeben\/erstattet oder umgetauscht werden, wenn die Bedingungen in der Kategorie R\u00fcckgabe und Umtausch erf\u00fcllt sind.\u00a0<b>Return and Exchange<\/b>\u00a0category.\u00a0<\/div>\r\n<div>\u00a0<\/div>\r\n<div><b style=\"color: #108078;\">7. Preise<\/b><br \/>Alle ver\u00f6ffentlichten Preise sind Richtpreise, die laufend dem Markt angepasst werden. Sie verstehen sich in Schweizer Franken (CHF), inklusive Mehrwertsteuer. Die Preise k\u00f6nnen ohne Vorank\u00fcndigung ge\u00e4ndert werden. Verbindlich sind jedoch die Preise zum Zeitpunkt der Bestellung.<\/div>\r\n<div>\u00a0<\/div>\r\n<div><b style=\"color: #108078;\">8. Zahlungsbedingungen<\/b><br \/>Alle Bestellungen sind in Schweizer Franken (CHF) zu bezahlen, entweder per Kreditkarte (Visa\/Master) oder per Bank\u00fcberweisung. Die Zahlung hat im Voraus zu erfolgen.<br \/>Wenn Sie mit Ihren Zahlungen in Verzug sind, bin ich berechtigt, neben den Mahnkosten 5% Verzugszinsen zu berechnen. Wenn ich dann immer noch keine Reaktion sehe, werde ich rechtliche Schritte einleiten.<br \/><br \/><b style=\"color: #108078;\">9. Verweigerung der Annahme<\/b><br \/>Bei unberechtigter Verweigerung der Annahme der bestellten und gelieferten Ware werde ich die mir entstandenen Kosten in Rechnung stellen. Ich werde dann versuchen, mit Ihnen Kontakt aufzunehmen, um die Situation zu kl\u00e4ren. Bei wiederholter Annahmeverweigerung werden Folgeauftr\u00e4ge abgelehnt.<br \/><br \/><b style=\"color: #108078;\">10. Zur\u00fcckbehaltung der Ware<\/b><br \/>Die Ware bleibt bis zur vollst\u00e4ndigen Bezahlung Eigentum von IndiRun, Indranil Bhattacharya, Langgasse 63, 8400 Winterthur.<\/div>\r\n<div>\u00a0<\/div>\r\n<div><b style=\"color: #108078;\">11. Datensicherheit und Datenschutz<\/b><\/div>\r\n<div>Wir bem\u00fchen uns, Ihre Daten so sicher wie m\u00f6glich zu halten und geben sie nicht an Dritte weiter. Die Daten werden jedoch \u00fcber das Internet \u00fcbertragen, und das Internet ist ein offenes, f\u00fcr jedermann zug\u00e4ngliches Netz und gilt daher im Allgemeinen nicht als sichere Umgebung. Alle Zahlungstransaktionen werden nach dem zum Zeitpunkt der Transaktion \u00fcblichen Sicherheitsstandard (\"https:\/\/\") verarbeitet. IndiRun, Indranil Bhattacharya, Langgasse 63, 8400 Winterthur lehnt jede Haftung f\u00fcr die Sicherheit der Daten w\u00e4hrend der \u00dcbermittlung \u00fcber das Internet ab. Die Bearbeitung von Personendaten erfolgt nach Massgabe und unter Einhaltung der geltenden Datenschutzbestimmungen zum Zweck der Vertragsabwicklung und der Pflege der Kundenbeziehung (einschliesslich Marketingmassnahmen). Die Weitergabe von personenbezogenen Daten des Kunden an Dritte au\u00dferhalb von IndiRun, Indranil Bhattacharya, erfolgt ausschlie\u00dflich an die an der Vertragsabwicklung beteiligten Dienstleistungspartner, wie z.B. den Lieferanten oder das mit der Lieferung beauftragte Logistikunternehmen. In diesen F\u00e4llen beschr\u00e4nkt sich der Umfang der \u00fcbermittelten Daten jedoch nur auf das f\u00fcr die Vertragsabwicklung erforderliche Minimum. Eine dar\u00fcber hinausgehende Weitergabe von Kundendaten an Dritte findet nicht statt. Der Kunde ist mit der Erhebung, Verarbeitung und Nutzung seiner personenbezogenen Daten nach Ma\u00dfgabe der vorstehenden Hinweise einverstanden. Im \u00dcbrigen gelten f\u00fcr die K\u00e4ufer auch die Bedingungen f\u00fcr die Nutzung der Website des Webshops, die unter der Rubrik Datenschutz abrufbar sind. F\u00fcr weitere Informationen zum Datenschutz lesen Sie bitte unter Datenschutz.<\/div>\r\n<div>\u00a0<\/div>\r\n<div><b style=\"color: #108078;\">12. Salvatorische Klausel<\/b><br \/>Sollte eine Klausel dieser Allgemeinen Gesch\u00e4ftsbedingungen unwirksam sein, so ber\u00fchrt dies die Wirksamkeit der \u00fcbrigen Klauseln nicht. Sollte eine Klausel dieser Allgemeinen Gesch\u00e4ftsbedingungen nur in einem Teil unwirksam sein, so bleibt der andere Teil wirksam. Die Vertragsparteien sind verpflichtet, eine unwirksame Klausel durch eine wirksame Ersatzregelung zu ersetzen, die dem wirtschaftlichen Zweck der unwirksamen Vertragsbestimmung m\u00f6glichst nahe kommt.<br \/><br \/><b style=\"color: #108078;\">13.  Anwendbares Recht<\/b><br \/>Das gesamte Rechtsverh\u00e4ltnis zwischen IndiRun, Indranil Bhattacharya, Langgasse 63, 8400 Winterthur, Schweiz und dem Kunden untersteht dem Schweizerischen Recht.<br \/><br \/><b style=\"color: #108078;\">14. Gerichtsstand<\/b><br \/>Diese Allgemeinen Gesch\u00e4ftsbedingungen unterstehen schweizerischem Recht. Ausschliesslicher Gerichtsstand ist Z\u00fcrich, Schweiz.<\/div>\r\n<\/div>","protected":false},"excerpt":{"rendered":"<p>General Terms and Conditions (GTC) &amp; Data Protection 1. GeneralThe website\u00a0https:\/\/barfussshop.ch\u00a0is under IndiRun. IndiRun strives to always serve you to your fullest satisfaction. This includes fair terms and conditions. The contract is between you as a customer and IndiRun, Indranil Bhattacharya, Langgasse 63, 8400 Winterthur. The contract comes into effect when I accept your order [&hellip;]<\/p>\n","protected":false},"author":1,"featured_media":0,"parent":0,"menu_order":0,"comment_status":"closed","ping_status":"closed","template":"","meta":{"nf_dc_page":"","ocean_post_layout":"","ocean_both_sidebars_style":"","ocean_both_sidebars_content_width":0,"ocean_both_sidebars_sidebars_width":0,"ocean_sidebar":"0","ocean_second_sidebar":"0","ocean_disable_margins":"enable","ocean_add_body_class":"","ocean_shortcode_before_top_bar":"","ocean_shortcode_after_top_bar":"","ocean_shortcode_before_header":"","ocean_shortcode_after_header":"","ocean_has_shortcode":"","ocean_shortcode_after_title":"","ocean_shortcode_before_footer_widgets":"","ocean_shortcode_after_footer_widgets":"","ocean_shortcode_before_footer_bottom":"","ocean_shortcode_after_footer_bottom":"","ocean_display_top_bar":"default","ocean_display_header":"default","ocean_header_style":"","ocean_center_header_left_menu":"0","ocean_custom_header_template":"0","ocean_custom_logo":0,"ocean_custom_retina_logo":0,"ocean_custom_logo_max_width":0,"ocean_custom_logo_tablet_max_width":0,"ocean_custom_logo_mobile_max_width":0,"ocean_custom_logo_max_height":0,"ocean_custom_logo_tablet_max_height":0,"ocean_custom_logo_mobile_max_height":0,"ocean_header_custom_menu":"0","ocean_menu_typo_font_family":"0","ocean_menu_typo_font_subset":"","ocean_menu_typo_font_size":0,"ocean_menu_typo_font_size_tablet":0,"ocean_menu_typo_font_size_mobile":0,"ocean_menu_typo_font_size_unit":"px","ocean_menu_typo_font_weight":"","ocean_menu_typo_font_weight_tablet":"","ocean_menu_typo_font_weight_mobile":"","ocean_menu_typo_transform":"","ocean_menu_typo_transform_tablet":"","ocean_menu_typo_transform_mobile":"","ocean_menu_typo_line_height":0,"ocean_menu_typo_line_height_tablet":0,"ocean_menu_typo_line_height_mobile":0,"ocean_menu_typo_line_height_unit":"","ocean_menu_typo_spacing":0,"ocean_menu_typo_spacing_tablet":0,"ocean_menu_typo_spacing_mobile":0,"ocean_menu_typo_spacing_unit":"","ocean_menu_link_color":"","ocean_menu_link_color_hover":"","ocean_menu_link_color_active":"","ocean_menu_link_background":"","ocean_menu_link_hover_background":"","ocean_menu_link_active_background":"","ocean_menu_social_links_bg":"","ocean_menu_social_hover_links_bg":"","ocean_menu_social_links_color":"","ocean_menu_social_hover_links_color":"","ocean_disable_title":"default","ocean_disable_heading":"default","ocean_post_title":"","ocean_post_subheading":"","ocean_post_title_style":"","ocean_post_title_background_color":"","ocean_post_title_background":0,"ocean_post_title_bg_image_position":"","ocean_post_title_bg_image_attachment":"","ocean_post_title_bg_image_repeat":"","ocean_post_title_bg_image_size":"","ocean_post_title_height":0,"ocean_post_title_bg_overlay":0.5,"ocean_post_title_bg_overlay_color":"","ocean_disable_breadcrumbs":"default","ocean_breadcrumbs_color":"","ocean_breadcrumbs_separator_color":"","ocean_breadcrumbs_links_color":"","ocean_breadcrumbs_links_hover_color":"","ocean_display_footer_widgets":"default","ocean_display_footer_bottom":"default","ocean_custom_footer_template":"0","footnotes":""},"class_list":["post-1235","page","type-page","status-publish","hentry","entry","owp-thumbs-layout-horizontal","owp-btn-normal","owp-tabs-layout-horizontal","has-no-thumbnails","has-product-nav"],"yoast_head":"<!-- This site is optimized with the Yoast SEO plugin v27.4 - https:\/\/yoast.com\/product\/yoast-seo-wordpress\/ -->\n<title>Terms of use - Barfuss Shop<\/title>\n<meta name=\"robots\" content=\"noindex, follow\" \/>\n<meta property=\"og:locale\" content=\"de_DE\" \/>\n<meta property=\"og:type\" content=\"article\" \/>\n<meta property=\"og:title\" content=\"Terms of use - Barfuss Shop\" \/>\n<meta property=\"og:description\" content=\"General Terms and Conditions (GTC) &amp; Data Protection 1. GeneralThe website\u00a0https:\/\/barfussshop.ch\u00a0is under IndiRun. IndiRun strives to always serve you to your fullest satisfaction. This includes fair terms and conditions. The contract is between you as a customer and IndiRun, Indranil Bhattacharya, Langgasse 63, 8400 Winterthur. The contract comes into effect when I accept your order [&hellip;]\" \/>\n<meta property=\"og:url\" content=\"https:\/\/barfussshop.ch\/de\/terms-of-use\/\" \/>\n<meta property=\"og:site_name\" content=\"Barfuss Shop\" \/>\n<meta property=\"article:publisher\" content=\"https:\/\/www.facebook.com\/barfussshop.ch\" \/>\n<meta property=\"article:modified_time\" content=\"2026-03-02T06:30:25+00:00\" \/>\n<meta name=\"twitter:card\" content=\"summary_large_image\" \/>\n<meta name=\"twitter:label1\" content=\"Gesch\u00e4tzte Lesezeit\" \/>\n\t<meta name=\"twitter:data1\" content=\"5\u00a0Minuten\" \/>\n<script type=\"application\/ld+json\" class=\"yoast-schema-graph\">{\"@context\":\"https:\\\/\\\/schema.org\",\"@graph\":[{\"@type\":\"WebPage\",\"@id\":\"https:\\\/\\\/barfussshop.ch\\\/terms-of-use\\\/\",\"url\":\"https:\\\/\\\/barfussshop.ch\\\/terms-of-use\\\/\",\"name\":\"Terms of use - Barfuss Shop\",\"isPartOf\":{\"@id\":\"https:\\\/\\\/barfussshop.ch\\\/#website\"},\"datePublished\":\"2023-08-24T11:41:33+00:00\",\"dateModified\":\"2026-03-02T06:30:25+00:00\",\"breadcrumb\":{\"@id\":\"https:\\\/\\\/barfussshop.ch\\\/terms-of-use\\\/#breadcrumb\"},\"inLanguage\":\"de\",\"potentialAction\":[{\"@type\":\"ReadAction\",\"target\":[\"https:\\\/\\\/barfussshop.ch\\\/terms-of-use\\\/\"]}]},{\"@type\":\"BreadcrumbList\",\"@id\":\"https:\\\/\\\/barfussshop.ch\\\/terms-of-use\\\/#breadcrumb\",\"itemListElement\":[{\"@type\":\"ListItem\",\"position\":1,\"name\":\"Home\",\"item\":\"https:\\\/\\\/barfussshop.ch\\\/\"},{\"@type\":\"ListItem\",\"position\":2,\"name\":\"Terms of use\"}]},{\"@type\":\"WebSite\",\"@id\":\"https:\\\/\\\/barfussshop.ch\\\/#website\",\"url\":\"https:\\\/\\\/barfussshop.ch\\\/\",\"name\":\"Barfuss Shop\",\"description\":\"Barfuss Shop\",\"publisher\":{\"@id\":\"https:\\\/\\\/barfussshop.ch\\\/#organization\"},\"potentialAction\":[{\"@type\":\"SearchAction\",\"target\":{\"@type\":\"EntryPoint\",\"urlTemplate\":\"https:\\\/\\\/barfussshop.ch\\\/?s={search_term_string}\"},\"query-input\":{\"@type\":\"PropertyValueSpecification\",\"valueRequired\":true,\"valueName\":\"search_term_string\"}}],\"inLanguage\":\"de\"},{\"@type\":\"Organization\",\"@id\":\"https:\\\/\\\/barfussshop.ch\\\/#organization\",\"name\":\"Barfuss Shop\",\"url\":\"https:\\\/\\\/barfussshop.ch\\\/\",\"logo\":{\"@type\":\"ImageObject\",\"inLanguage\":\"de\",\"@id\":\"https:\\\/\\\/barfussshop.ch\\\/#\\\/schema\\\/logo\\\/image\\\/\",\"url\":\"https:\\\/\\\/i0.wp.com\\\/barfussshop.ch\\\/wp-content\\\/uploads\\\/2025\\\/02\\\/barfuss-logo.png?fit=191%2C45&ssl=1\",\"contentUrl\":\"https:\\\/\\\/i0.wp.com\\\/barfussshop.ch\\\/wp-content\\\/uploads\\\/2025\\\/02\\\/barfuss-logo.png?fit=191%2C45&ssl=1\",\"width\":191,\"height\":45,\"caption\":\"Barfuss Shop\"},\"image\":{\"@id\":\"https:\\\/\\\/barfussshop.ch\\\/#\\\/schema\\\/logo\\\/image\\\/\"},\"sameAs\":[\"https:\\\/\\\/www.facebook.com\\\/barfussshop.ch\",\"https:\\\/\\\/www.instagram.com\\\/barfussschuhe_ch\\\/\"]}]}<\/script>\n<!-- \/ Yoast SEO plugin. -->","yoast_head_json":{"title":"Terms of use - Barfuss Shop","robots":{"index":"noindex","follow":"follow"},"og_locale":"de_DE","og_type":"article","og_title":"Terms of use - Barfuss Shop","og_description":"General Terms and Conditions (GTC) &amp; Data Protection 1. GeneralThe website\u00a0https:\/\/barfussshop.ch\u00a0is under IndiRun. IndiRun strives to always serve you to your fullest satisfaction. This includes fair terms and conditions. The contract is between you as a customer and IndiRun, Indranil Bhattacharya, Langgasse 63, 8400 Winterthur. The contract comes into effect when I accept your order [&hellip;]","og_url":"https:\/\/barfussshop.ch\/de\/terms-of-use\/","og_site_name":"Barfuss Shop","article_publisher":"https:\/\/www.facebook.com\/barfussshop.ch","article_modified_time":"2026-03-02T06:30:25+00:00","twitter_card":"summary_large_image","twitter_misc":{"Gesch\u00e4tzte Lesezeit":"5\u00a0Minuten"},"schema":{"@context":"https:\/\/schema.org","@graph":[{"@type":"WebPage","@id":"https:\/\/barfussshop.ch\/terms-of-use\/","url":"https:\/\/barfussshop.ch\/terms-of-use\/","name":"Terms of use - Barfuss Shop","isPartOf":{"@id":"https:\/\/barfussshop.ch\/#website"},"datePublished":"2023-08-24T11:41:33+00:00","dateModified":"2026-03-02T06:30:25+00:00","breadcrumb":{"@id":"https:\/\/barfussshop.ch\/terms-of-use\/#breadcrumb"},"inLanguage":"de","potentialAction":[{"@type":"ReadAction","target":["https:\/\/barfussshop.ch\/terms-of-use\/"]}]},{"@type":"BreadcrumbList","@id":"https:\/\/barfussshop.ch\/terms-of-use\/#breadcrumb","itemListElement":[{"@type":"ListItem","position":1,"name":"Home","item":"https:\/\/barfussshop.ch\/"},{"@type":"ListItem","position":2,"name":"Terms of use"}]},{"@type":"WebSite","@id":"https:\/\/barfussshop.ch\/#website","url":"https:\/\/barfussshop.ch\/","name":"Barfuss Shop","description":"Barfuss Shop","publisher":{"@id":"https:\/\/barfussshop.ch\/#organization"},"potentialAction":[{"@type":"SearchAction","target":{"@type":"EntryPoint","urlTemplate":"https:\/\/barfussshop.ch\/?s={search_term_string}"},"query-input":{"@type":"PropertyValueSpecification","valueRequired":true,"valueName":"search_term_string"}}],"inLanguage":"de"},{"@type":"Organization","@id":"https:\/\/barfussshop.ch\/#organization","name":"Barfuss Shop","url":"https:\/\/barfussshop.ch\/","logo":{"@type":"ImageObject","inLanguage":"de","@id":"https:\/\/barfussshop.ch\/#\/schema\/logo\/image\/","url":"https:\/\/i0.wp.com\/barfussshop.ch\/wp-content\/uploads\/2025\/02\/barfuss-logo.png?fit=191%2C45&ssl=1","contentUrl":"https:\/\/i0.wp.com\/barfussshop.ch\/wp-content\/uploads\/2025\/02\/barfuss-logo.png?fit=191%2C45&ssl=1","width":191,"height":45,"caption":"Barfuss Shop"},"image":{"@id":"https:\/\/barfussshop.ch\/#\/schema\/logo\/image\/"},"sameAs":["https:\/\/www.facebook.com\/barfussshop.ch","https:\/\/www.instagram.com\/barfussschuhe_ch\/"]}]}},"jetpack_sharing_enabled":true,"_links":{"self":[{"href":"https:\/\/barfussshop.ch\/de\/wp-json\/wp\/v2\/pages\/1235","targetHints":{"allow":["GET"]}}],"collection":[{"href":"https:\/\/barfussshop.ch\/de\/wp-json\/wp\/v2\/pages"}],"about":[{"href":"https:\/\/barfussshop.ch\/de\/wp-json\/wp\/v2\/types\/page"}],"author":[{"embeddable":true,"href":"https:\/\/barfussshop.ch\/de\/wp-json\/wp\/v2\/users\/1"}],"replies":[{"embeddable":true,"href":"https:\/\/barfussshop.ch\/de\/wp-json\/wp\/v2\/comments?post=1235"}],"version-history":[{"count":5,"href":"https:\/\/barfussshop.ch\/de\/wp-json\/wp\/v2\/pages\/1235\/revisions"}],"predecessor-version":[{"id":1238,"href":"https:\/\/barfussshop.ch\/de\/wp-json\/wp\/v2\/pages\/1235\/revisions\/1238"}],"wp:attachment":[{"href":"https:\/\/barfussshop.ch\/de\/wp-json\/wp\/v2\/media?parent=1235"}],"curies":[{"name":"wp","href":"https:\/\/api.w.org\/{rel}","templated":true}]}}