{"id":2378,"date":"2025-02-28T07:41:40","date_gmt":"2025-02-28T07:41:40","guid":{"rendered":"https:\/\/barfussshop.ch\/?page_id=2378"},"modified":"2026-03-02T06:30:58","modified_gmt":"2026-03-02T06:30:58","slug":"about-barfuss-shop","status":"publish","type":"page","link":"https:\/\/barfussshop.ch\/de\/about-barfuss-shop\/","title":{"rendered":"About Barfuss Shop"},"content":{"rendered":"<div data-elementor-type=\"wp-page\" data-elementor-id=\"2378\" class=\"elementor elementor-2378\" wpc-filter-elementor-widget=\"1\">\n\t\t\t\t\t\t<section class=\"elementor-section elementor-top-section elementor-element elementor-element-4b5e51b elementor-section-boxed elementor-section-height-default elementor-section-height-default\" data-id=\"4b5e51b\" data-element_type=\"section\" data-e-type=\"section\">\n\t\t\t\t\t\t<div class=\"elementor-container elementor-column-gap-default\">\n\t\t\t\t\t<div class=\"elementor-column elementor-col-100 elementor-top-column elementor-element elementor-element-11d5c83\" data-id=\"11d5c83\" data-element_type=\"column\" data-e-type=\"column\">\n\t\t\t<div class=\"elementor-widget-wrap elementor-element-populated\">\n\t\t\t\t\t\t<div class=\"elementor-element elementor-element-e5a5126 elementor-widget elementor-widget-heading\" data-id=\"e5a5126\" data-element_type=\"widget\" data-e-type=\"widget\" data-widget_type=\"heading.default\">\n\t\t\t\t<div class=\"elementor-widget-container\">\n\t\t\t\t\t<p class=\"elementor-heading-title elementor-size-default\">About Barfuss Shop<\/p>\t\t\t\t<\/div>\n\t\t\t\t<\/div>\n\t\t\t\t\t<\/div>\n\t\t<\/div>\n\t\t\t\t\t<\/div>\n\t\t<\/section>\n\t\t\t\t<section class=\"elementor-section elementor-top-section elementor-element elementor-element-d8d862f elementor-section-boxed elementor-section-height-default elementor-section-height-default\" data-id=\"d8d862f\" data-element_type=\"section\" data-e-type=\"section\">\n\t\t\t\t\t\t<div class=\"elementor-container elementor-column-gap-default\">\n\t\t\t\t\t<div class=\"elementor-column elementor-col-50 elementor-top-column elementor-element elementor-element-98e0119\" data-id=\"98e0119\" data-element_type=\"column\" data-e-type=\"column\">\n\t\t\t<div class=\"elementor-widget-wrap elementor-element-populated\">\n\t\t\t\t\t\t<div class=\"elementor-element elementor-element-a813597 elementor-widget elementor-widget-image\" data-id=\"a813597\" data-element_type=\"widget\" data-e-type=\"widget\" data-widget_type=\"image.default\">\n\t\t\t\t<div class=\"elementor-widget-container\">\n\t\t\t\t\t\t\t\t\t\t\t\t\t\t\t<img fetchpriority=\"high\" decoding=\"async\" width=\"1000\" height=\"615\" src=\"https:\/\/i0.wp.com\/barfussshop.ch\/wp-content\/uploads\/2025\/03\/indi-barfuss.jpg?fit=1000%2C615&amp;ssl=1\" class=\"attachment-full size-full wp-image-2616\" alt=\"\" srcset=\"https:\/\/i0.wp.com\/barfussshop.ch\/wp-content\/uploads\/2025\/03\/indi-barfuss.jpg?w=1000&amp;ssl=1 1000w, https:\/\/i0.wp.com\/barfussshop.ch\/wp-content\/uploads\/2025\/03\/indi-barfuss.jpg?resize=300%2C185&amp;ssl=1 300w, https:\/\/i0.wp.com\/barfussshop.ch\/wp-content\/uploads\/2025\/03\/indi-barfuss.jpg?resize=768%2C472&amp;ssl=1 768w, https:\/\/i0.wp.com\/barfussshop.ch\/wp-content\/uploads\/2025\/03\/indi-barfuss.jpg?resize=18%2C12&amp;ssl=1 18w, https:\/\/i0.wp.com\/barfussshop.ch\/wp-content\/uploads\/2025\/03\/indi-barfuss.jpg?resize=454%2C279&amp;ssl=1 454w\" sizes=\"(max-width: 1000px) 100vw, 1000px\" \/>\t\t\t\t\t\t\t\t\t\t\t\t\t\t\t<\/div>\n\t\t\t\t<\/div>\n\t\t\t\t\t<\/div>\n\t\t<\/div>\n\t\t\t\t<div class=\"elementor-column elementor-col-50 elementor-top-column elementor-element elementor-element-8fe0003\" data-id=\"8fe0003\" data-element_type=\"column\" data-e-type=\"column\">\n\t\t\t<div class=\"elementor-widget-wrap elementor-element-populated\">\n\t\t\t\t\t\t<div class=\"elementor-element elementor-element-7fbbcc6 elementor-widget elementor-widget-accordion\" data-id=\"7fbbcc6\" data-element_type=\"widget\" data-e-type=\"widget\" data-widget_type=\"accordion.default\">\n\t\t\t\t<div class=\"elementor-widget-container\">\n\t\t\t\t\t\t\t<div class=\"elementor-accordion\">\n\t\t\t\t\t\t\t<div class=\"elementor-accordion-item\">\n\t\t\t\t\t<div id=\"elementor-tab-title-1331\" class=\"elementor-tab-title\" data-tab=\"1\" role=\"button\" aria-controls=\"elementor-tab-content-1331\" aria-expanded=\"false\">\n\t\t\t\t\t\t\t\t\t\t\t\t\t<span class=\"elementor-accordion-icon elementor-accordion-icon-right\" aria-hidden=\"true\">\n\t\t\t\t\t\t\t\t\t\t\t\t\t\t\t<span class=\"elementor-accordion-icon-closed\"><i class=\"fas fa-chevron-down\"><\/i><\/span>\n\t\t\t\t\t\t\t\t<span class=\"elementor-accordion-icon-opened\"><i class=\"fas fa-minus\"><\/i><\/span>\n\t\t\t\t\t\t\t\t\t\t\t\t\t\t<\/span>\n\t\t\t\t\t\t\t\t\t\t\t\t<a class=\"elementor-accordion-title\" tabindex=\"0\">\u00dcber dem Gr\u00fcnder<\/a>\n\t\t\t\t\t<\/div>\n\t\t\t\t\t<div id=\"elementor-tab-content-1331\" class=\"elementor-tab-content elementor-clearfix\" data-tab=\"1\" role=\"region\" aria-labelledby=\"elementor-tab-title-1331\"><p>Der Barfuss Shop wurde von Dr. Indranil Bhattacharya (Indi) gegr\u00fcndet \u2013 einem Forschungswissenschaftler auf dem Gebiet der Stoffwechselkrankheiten an der Universit\u00e4t Z\u00fcrich. Als Ausdauersportler und leidenschaftlicher Barfussl\u00e4ufer verbindet Indi wissenschaftliche Expertisen mit grosser Leidenschaft f\u00fcr nat\u00fcrliche Bewegungen.\nSein Wissen \u00fcber Biomechanik und sein ganzheitlicher Gesundheitsansatz pr\u00e4gen die Philosophie unseres Shops: den K\u00f6rper in seiner nat\u00fcrlichen Bewegungsfreiheit zu unterst\u00fctzen und zu st\u00e4rken. Jedes Produkt in unserem Sortiment wird sorgf\u00e4ltig ausgew\u00e4hlt, um die Fussgesundheit zu f\u00f6rdern, eine gesunde K\u00f6rperhaltung zu unterst\u00fctzen und die Prinzipien des Barfussgehens und Laufens zu verk\u00f6rpern.\nIm Barfuss Shop glauben wir daran: ges\u00fcndere Schritte f\u00fchren zu ges\u00fcnderem Leben.\u00a0<\/p><\/div>\n\t\t\t\t<\/div>\n\t\t\t\t\t\t\t<div class=\"elementor-accordion-item\">\n\t\t\t\t\t<div id=\"elementor-tab-title-1332\" class=\"elementor-tab-title\" data-tab=\"2\" role=\"button\" aria-controls=\"elementor-tab-content-1332\" aria-expanded=\"false\">\n\t\t\t\t\t\t\t\t\t\t\t\t\t<span class=\"elementor-accordion-icon elementor-accordion-icon-right\" aria-hidden=\"true\">\n\t\t\t\t\t\t\t\t\t\t\t\t\t\t\t<span class=\"elementor-accordion-icon-closed\"><i class=\"fas fa-chevron-down\"><\/i><\/span>\n\t\t\t\t\t\t\t\t<span class=\"elementor-accordion-icon-opened\"><i class=\"fas fa-minus\"><\/i><\/span>\n\t\t\t\t\t\t\t\t\t\t\t\t\t\t<\/span>\n\t\t\t\t\t\t\t\t\t\t\t\t<a class=\"elementor-accordion-title\" tabindex=\"0\">\u00dcber unserem Laden<\/a>\n\t\t\t\t\t<\/div>\n\t\t\t\t\t<div id=\"elementor-tab-content-1332\" class=\"elementor-tab-content elementor-clearfix\" data-tab=\"2\" role=\"region\" aria-labelledby=\"elementor-tab-title-1332\"><p>Im Herzen der Altstadt von Winterthur, Schweiz, befindet sich der Barfuss Shop im Ganapati Yogazentrum. Es ist eine beliebte Anlaufstelle f\u00fcr Alle, die hochwertige Barfussschuhe suchen.\nDer Shop ist bekannt f\u00fcr sein Engagement in Sachen Fussgesundheit und nat\u00fcrlicher Bewegung. Er bietet eine sorgf\u00e4ltig ausgew\u00e4hlte Kollektion an Barfussschuhen f\u00fchrender Marken wie Leguano und Ahinsa an.\nMit einem Sortiment f\u00fcr Frauen und M\u00e4nner deckt der Barfuss Shop eine vielzahl an Bed\u00fcrfnissen ab \u2013 mit einem Fokus auf Komfort, Flexibilit\u00e4t und Langlebigkeit. Auch f\u00fcr Kinder gibt es passende Modelle.\u00a0<\/p><\/div>\n\t\t\t\t<\/div>\n\t\t\t\t\t\t\t<div class=\"elementor-accordion-item\">\n\t\t\t\t\t<div id=\"elementor-tab-title-1333\" class=\"elementor-tab-title\" data-tab=\"3\" role=\"button\" aria-controls=\"elementor-tab-content-1333\" aria-expanded=\"false\">\n\t\t\t\t\t\t\t\t\t\t\t\t\t<span class=\"elementor-accordion-icon elementor-accordion-icon-right\" aria-hidden=\"true\">\n\t\t\t\t\t\t\t\t\t\t\t\t\t\t\t<span class=\"elementor-accordion-icon-closed\"><i class=\"fas fa-chevron-down\"><\/i><\/span>\n\t\t\t\t\t\t\t\t<span class=\"elementor-accordion-icon-opened\"><i class=\"fas fa-minus\"><\/i><\/span>\n\t\t\t\t\t\t\t\t\t\t\t\t\t\t<\/span>\n\t\t\t\t\t\t\t\t\t\t\t\t<a class=\"elementor-accordion-title\" tabindex=\"0\">Unsere Kollektionen<\/a>\n\t\t\t\t\t<\/div>\n\t\t\t\t\t<div id=\"elementor-tab-content-1333\" class=\"elementor-tab-content elementor-clearfix\" data-tab=\"3\" role=\"region\" aria-labelledby=\"elementor-tab-title-1333\"><div dir=\"auto\">Der Barfuss Shop ist stolz darauf, eine umfangreiche Auswahl an Barfussschuhen anzubieten, die ein nat\u00fcrliches Lauferlebnis f\u00f6rdern \u2013 Mit Barfussschuhen, hat man das Gef\u00fchl wie Barfuss zu sein. \nOb f\u00fcr den Alltag, sportlichen Aktivit\u00e4ten oder stilvoller Stadtabenteuer \u2013 hier findet jeder das passende Modell.\u00a0<\/div><div dir=\"auto\">\u00a0<\/div><div dir=\"auto\">Unsere Barfussschuhe umfassen:<\/div><ul><li dir=\"auto\"><strong>Barfussschuhe f\u00fcr Damen und Herren<\/strong> \u2013 Entwickelt f\u00fcr h\u00f6chstem Tragekomfort und nat\u00fcrlichen Bewegungen.<\/li><li><strong>Spezielle Kollektionen<\/strong> \u2013 Abgestimmt auf verschiedene Aktivit\u00e4ten wie Laufen, Wandern oder Freizeit.<\/li><li><strong>Hochwertige Marken<\/strong> \u2013 Mit Top-Marken wie Leguano und Ahinsa, die f\u00fcr ergonomisches Design und Langlebigkeit stehen.<\/li><li><strong>Schuhe f\u00fcr jede Jahreszeit -<\/strong>\u00a0 W\u00e4hlen Sie je nach Wetter und Saison: Fr\u00fchling, Sommer, Herbst oder Winter. Es gibt auch wasserdichte und w\u00e4rmende Modelle f\u00fcr kalte und nasse Tage.<\/li><\/ul><\/div>\n\t\t\t\t<\/div>\n\t\t\t\t\t\t\t<div class=\"elementor-accordion-item\">\n\t\t\t\t\t<div id=\"elementor-tab-title-1334\" class=\"elementor-tab-title\" data-tab=\"4\" role=\"button\" aria-controls=\"elementor-tab-content-1334\" aria-expanded=\"false\">\n\t\t\t\t\t\t\t\t\t\t\t\t\t<span class=\"elementor-accordion-icon elementor-accordion-icon-right\" aria-hidden=\"true\">\n\t\t\t\t\t\t\t\t\t\t\t\t\t\t\t<span class=\"elementor-accordion-icon-closed\"><i class=\"fas fa-chevron-down\"><\/i><\/span>\n\t\t\t\t\t\t\t\t<span class=\"elementor-accordion-icon-opened\"><i class=\"fas fa-minus\"><\/i><\/span>\n\t\t\t\t\t\t\t\t\t\t\t\t\t\t<\/span>\n\t\t\t\t\t\t\t\t\t\t\t\t<a class=\"elementor-accordion-title\" tabindex=\"0\">Einkaufen von M\u00f6glichkeiten<\/a>\n\t\t\t\t\t<\/div>\n\t\t\t\t\t<div id=\"elementor-tab-content-1334\" class=\"elementor-tab-content elementor-clearfix\" data-tab=\"4\" role=\"region\" aria-labelledby=\"elementor-tab-title-1334\"><p>Kundinnen und Kunden k\u00f6nnen ihre Lieblings-Barfussschuhe entweder im <a href=\"https:\/\/barfussshop.ch\/de\/\">Online-Shop<\/a>\u00a0 entdecken und einkaufen oder das <a href=\"https:\/\/g.co\/kgs\/6QHTPco\">Ladengesch\u00e4ft in Winterthur besuchen.<\/a>. Die Online-Plattform bietet ein nahtloses Einkaufserlebnis mit ausf\u00fchrlichen Produktbeschreibungen und einfachem Bestellvorgang.<\/p><\/div>\n\t\t\t\t<\/div>\n\t\t\t\t\t\t\t<div class=\"elementor-accordion-item\">\n\t\t\t\t\t<div id=\"elementor-tab-title-1335\" class=\"elementor-tab-title\" data-tab=\"5\" role=\"button\" aria-controls=\"elementor-tab-content-1335\" aria-expanded=\"false\">\n\t\t\t\t\t\t\t\t\t\t\t\t\t<span class=\"elementor-accordion-icon elementor-accordion-icon-right\" aria-hidden=\"true\">\n\t\t\t\t\t\t\t\t\t\t\t\t\t\t\t<span class=\"elementor-accordion-icon-closed\"><i class=\"fas fa-chevron-down\"><\/i><\/span>\n\t\t\t\t\t\t\t\t<span class=\"elementor-accordion-icon-opened\"><i class=\"fas fa-minus\"><\/i><\/span>\n\t\t\t\t\t\t\t\t\t\t\t\t\t\t<\/span>\n\t\t\t\t\t\t\t\t\t\t\t\t<a class=\"elementor-accordion-title\" tabindex=\"0\">Gratis Lieferung innerhalb der Schweiz<\/a>\n\t\t\t\t\t<\/div>\n\t\t\t\t\t<div id=\"elementor-tab-content-1335\" class=\"elementor-tab-content elementor-clearfix\" data-tab=\"5\" role=\"region\" aria-labelledby=\"elementor-tab-title-1335\"><div dir=\"auto\">Der Barfuss Shop bietet einen Versand innerhalb der Schweiz. Um die Kundenzufriedenheit zu erh\u00f6hen, ist der Versand kostenlos \u2013 so sind hochwertige Barfussschuhe nur einen Klick entfernt.<\/div><\/div>\n\t\t\t\t<\/div>\n\t\t\t\t\t\t\t<div class=\"elementor-accordion-item\">\n\t\t\t\t\t<div id=\"elementor-tab-title-1336\" class=\"elementor-tab-title\" data-tab=\"6\" role=\"button\" aria-controls=\"elementor-tab-content-1336\" aria-expanded=\"false\">\n\t\t\t\t\t\t\t\t\t\t\t\t\t<span class=\"elementor-accordion-icon elementor-accordion-icon-right\" aria-hidden=\"true\">\n\t\t\t\t\t\t\t\t\t\t\t\t\t\t\t<span class=\"elementor-accordion-icon-closed\"><i class=\"fas fa-chevron-down\"><\/i><\/span>\n\t\t\t\t\t\t\t\t<span class=\"elementor-accordion-icon-opened\"><i class=\"fas fa-minus\"><\/i><\/span>\n\t\t\t\t\t\t\t\t\t\t\t\t\t\t<\/span>\n\t\t\t\t\t\t\t\t\t\t\t\t<a class=\"elementor-accordion-title\" tabindex=\"0\">Warum unser Barfussshop?<\/a>\n\t\t\t\t\t<\/div>\n\t\t\t\t\t<div id=\"elementor-tab-content-1336\" class=\"elementor-tab-content elementor-clearfix\" data-tab=\"6\" role=\"region\" aria-labelledby=\"elementor-tab-title-1336\"><ul><li dir=\"auto\">Expertenauswahl: Sorgf\u00e4ltig ausgew\u00e4hlte Marken, welche Fussgesundheit und Tragekomfort in den Mittelpunkt stellen.<\/li><li dir=\"auto\">Vielf\u00e4ltiges Sortiment: Eine breite Auswahl an Stilen f\u00fcr unterschiedliche Lebensstile und Bed\u00fcrfnissen.<\/li><li dir=\"auto\">Einfache Erreichbarkeit: Sowohl im Online-Shop als auch im Ladengesch\u00e4ft (Montag bis Samstag von 9:00 bis 18:00 Uhr) f\u00fcr maximalem Komfort.<\/li><li dir=\"auto\">Top Preis-Leistung: Kostenloser Versand bei alle Bestellungen \u2013 f\u00fcr noch mehr Ersparnis.<\/li><\/ul><div dir=\"auto\">\u00a0<\/div><div dir=\"auto\">F\u00fcr Alle, die die Freiheit und den Komfort von Barfussschuhen erleben m\u00f6chten, ist der Barfuss Shop in Winterthur eine vertrauensw\u00fcrdige und etablierte Adresse. Ob beim Online-Einkauf oder beim Besuch vor Ort \u2013 Kundinnen und Kunden d\u00fcrfen sich auf Qualit\u00e4t, Fachwissen und erstklassigem Service freuen.<\/div><\/div>\n\t\t\t\t<\/div>\n\t\t\t\t\t\t\t\t<\/div>\n\t\t\t\t\t\t<\/div>\n\t\t\t\t<\/div>\n\t\t\t\t\t<\/div>\n\t\t<\/div>\n\t\t\t\t\t<\/div>\n\t\t<\/section>\n\t\t\t\t<\/div>","protected":false},"excerpt":{"rendered":"<p>About Barfuss Shop Meet the Founder Barfuss Shop was founded by Dr. Indranil Bhattacharya (Indi), a research scientist in metabolic diseases at the University of Zurich, an endurance runner and a barefoot enthusiast. His deep understanding of biomechanics and passion for natural movement have been instrumental in shaping the store\u2019s philosophy. Driven by a mission [&hellip;]<\/p>\n","protected":false},"author":1,"featured_media":0,"parent":0,"menu_order":0,"comment_status":"closed","ping_status":"closed","template":"","meta":{"nf_dc_page":"","ocean_post_layout":"","ocean_both_sidebars_style":"","ocean_both_sidebars_content_width":0,"ocean_both_sidebars_sidebars_width":0,"ocean_sidebar":"0","ocean_second_sidebar":"0","ocean_disable_margins":"enable","ocean_add_body_class":"","ocean_shortcode_before_top_bar":"","ocean_shortcode_after_top_bar":"","ocean_shortcode_before_header":"","ocean_shortcode_after_header":"","ocean_has_shortcode":"","ocean_shortcode_after_title":"","ocean_shortcode_before_footer_widgets":"","ocean_shortcode_after_footer_widgets":"","ocean_shortcode_before_footer_bottom":"","ocean_shortcode_after_footer_bottom":"","ocean_display_top_bar":"default","ocean_display_header":"default","ocean_header_style":"","ocean_center_header_left_menu":"0","ocean_custom_header_template":"0","ocean_custom_logo":0,"ocean_custom_retina_logo":0,"ocean_custom_logo_max_width":0,"ocean_custom_logo_tablet_max_width":0,"ocean_custom_logo_mobile_max_width":0,"ocean_custom_logo_max_height":0,"ocean_custom_logo_tablet_max_height":0,"ocean_custom_logo_mobile_max_height":0,"ocean_header_custom_menu":"0","ocean_menu_typo_font_family":"0","ocean_menu_typo_font_subset":"","ocean_menu_typo_font_size":0,"ocean_menu_typo_font_size_tablet":0,"ocean_menu_typo_font_size_mobile":0,"ocean_menu_typo_font_size_unit":"px","ocean_menu_typo_font_weight":"","ocean_menu_typo_font_weight_tablet":"","ocean_menu_typo_font_weight_mobile":"","ocean_menu_typo_transform":"","ocean_menu_typo_transform_tablet":"","ocean_menu_typo_transform_mobile":"","ocean_menu_typo_line_height":0,"ocean_menu_typo_line_height_tablet":0,"ocean_menu_typo_line_height_mobile":0,"ocean_menu_typo_line_height_unit":"","ocean_menu_typo_spacing":0,"ocean_menu_typo_spacing_tablet":0,"ocean_menu_typo_spacing_mobile":0,"ocean_menu_typo_spacing_unit":"","ocean_menu_link_color":"","ocean_menu_link_color_hover":"","ocean_menu_link_color_active":"","ocean_menu_link_background":"","ocean_menu_link_hover_background":"","ocean_menu_link_active_background":"","ocean_menu_social_links_bg":"","ocean_menu_social_hover_links_bg":"","ocean_menu_social_links_color":"","ocean_menu_social_hover_links_color":"","ocean_disable_title":"default","ocean_disable_heading":"default","ocean_post_title":"","ocean_post_subheading":"","ocean_post_title_style":"","ocean_post_title_background_color":"","ocean_post_title_background":0,"ocean_post_title_bg_image_position":"","ocean_post_title_bg_image_attachment":"","ocean_post_title_bg_image_repeat":"","ocean_post_title_bg_image_size":"","ocean_post_title_height":0,"ocean_post_title_bg_overlay":0.5,"ocean_post_title_bg_overlay_color":"","ocean_disable_breadcrumbs":"default","ocean_breadcrumbs_color":"","ocean_breadcrumbs_separator_color":"","ocean_breadcrumbs_links_color":"","ocean_breadcrumbs_links_hover_color":"","ocean_display_footer_widgets":"default","ocean_display_footer_bottom":"default","ocean_custom_footer_template":"0","footnotes":""},"class_list":["post-2378","page","type-page","status-publish","hentry","entry","owp-thumbs-layout-horizontal","owp-btn-normal","owp-tabs-layout-horizontal","has-no-thumbnails","has-product-nav"],"yoast_head":"<!-- This site is optimized with the Yoast SEO plugin v27.4 - https:\/\/yoast.com\/product\/yoast-seo-wordpress\/ -->\n<title>About Barfuss Shop - Barfuss Shop<\/title>\n<meta name=\"robots\" content=\"noindex, follow\" \/>\n<meta property=\"og:locale\" content=\"de_DE\" \/>\n<meta property=\"og:type\" content=\"article\" \/>\n<meta property=\"og:title\" content=\"About Barfuss Shop - Barfuss Shop\" \/>\n<meta property=\"og:description\" content=\"About Barfuss Shop Meet the Founder Barfuss Shop was founded by Dr. Indranil Bhattacharya (Indi), a research scientist in metabolic diseases at the University of Zurich, an endurance runner and a barefoot enthusiast. His deep understanding of biomechanics and passion for natural movement have been instrumental in shaping the store\u2019s philosophy. Driven by a mission [&hellip;]\" \/>\n<meta property=\"og:url\" content=\"https:\/\/barfussshop.ch\/de\/about-barfuss-shop\/\" \/>\n<meta property=\"og:site_name\" content=\"Barfuss Shop\" \/>\n<meta property=\"article:publisher\" content=\"https:\/\/www.facebook.com\/barfussshop.ch\" \/>\n<meta property=\"article:modified_time\" content=\"2026-03-02T06:30:58+00:00\" \/>\n<meta property=\"og:image\" content=\"https:\/\/barfussshop.ch\/wp-content\/uploads\/2025\/03\/indi-barfuss.jpg\" \/>\n<meta name=\"twitter:card\" content=\"summary_large_image\" \/>\n<meta name=\"twitter:label1\" content=\"Gesch\u00e4tzte Lesezeit\" \/>\n\t<meta name=\"twitter:data1\" content=\"3\u00a0Minuten\" \/>\n<script type=\"application\/ld+json\" class=\"yoast-schema-graph\">{\"@context\":\"https:\\\/\\\/schema.org\",\"@graph\":[{\"@type\":\"WebPage\",\"@id\":\"https:\\\/\\\/barfussshop.ch\\\/about-barfuss-shop\\\/\",\"url\":\"https:\\\/\\\/barfussshop.ch\\\/about-barfuss-shop\\\/\",\"name\":\"About Barfuss Shop - Barfuss Shop\",\"isPartOf\":{\"@id\":\"https:\\\/\\\/barfussshop.ch\\\/#website\"},\"primaryImageOfPage\":{\"@id\":\"https:\\\/\\\/barfussshop.ch\\\/about-barfuss-shop\\\/#primaryimage\"},\"image\":{\"@id\":\"https:\\\/\\\/barfussshop.ch\\\/about-barfuss-shop\\\/#primaryimage\"},\"thumbnailUrl\":\"http:\\\/\\\/barfussshop.ch\\\/wp-content\\\/uploads\\\/2025\\\/03\\\/indi-barfuss.jpg\",\"datePublished\":\"2025-02-28T07:41:40+00:00\",\"dateModified\":\"2026-03-02T06:30:58+00:00\",\"breadcrumb\":{\"@id\":\"https:\\\/\\\/barfussshop.ch\\\/about-barfuss-shop\\\/#breadcrumb\"},\"inLanguage\":\"de\",\"potentialAction\":[{\"@type\":\"ReadAction\",\"target\":[\"https:\\\/\\\/barfussshop.ch\\\/about-barfuss-shop\\\/\"]}]},{\"@type\":\"ImageObject\",\"inLanguage\":\"de\",\"@id\":\"https:\\\/\\\/barfussshop.ch\\\/about-barfuss-shop\\\/#primaryimage\",\"url\":\"http:\\\/\\\/barfussshop.ch\\\/wp-content\\\/uploads\\\/2025\\\/03\\\/indi-barfuss.jpg\",\"contentUrl\":\"http:\\\/\\\/barfussshop.ch\\\/wp-content\\\/uploads\\\/2025\\\/03\\\/indi-barfuss.jpg\"},{\"@type\":\"BreadcrumbList\",\"@id\":\"https:\\\/\\\/barfussshop.ch\\\/about-barfuss-shop\\\/#breadcrumb\",\"itemListElement\":[{\"@type\":\"ListItem\",\"position\":1,\"name\":\"Home\",\"item\":\"https:\\\/\\\/barfussshop.ch\\\/\"},{\"@type\":\"ListItem\",\"position\":2,\"name\":\"About Barfuss Shop\"}]},{\"@type\":\"WebSite\",\"@id\":\"https:\\\/\\\/barfussshop.ch\\\/#website\",\"url\":\"https:\\\/\\\/barfussshop.ch\\\/\",\"name\":\"Barfuss Shop\",\"description\":\"Barfuss Shop\",\"publisher\":{\"@id\":\"https:\\\/\\\/barfussshop.ch\\\/#organization\"},\"potentialAction\":[{\"@type\":\"SearchAction\",\"target\":{\"@type\":\"EntryPoint\",\"urlTemplate\":\"https:\\\/\\\/barfussshop.ch\\\/?s={search_term_string}\"},\"query-input\":{\"@type\":\"PropertyValueSpecification\",\"valueRequired\":true,\"valueName\":\"search_term_string\"}}],\"inLanguage\":\"de\"},{\"@type\":\"Organization\",\"@id\":\"https:\\\/\\\/barfussshop.ch\\\/#organization\",\"name\":\"Barfuss Shop\",\"url\":\"https:\\\/\\\/barfussshop.ch\\\/\",\"logo\":{\"@type\":\"ImageObject\",\"inLanguage\":\"de\",\"@id\":\"https:\\\/\\\/barfussshop.ch\\\/#\\\/schema\\\/logo\\\/image\\\/\",\"url\":\"https:\\\/\\\/i0.wp.com\\\/barfussshop.ch\\\/wp-content\\\/uploads\\\/2025\\\/02\\\/barfuss-logo.png?fit=191%2C45&ssl=1\",\"contentUrl\":\"https:\\\/\\\/i0.wp.com\\\/barfussshop.ch\\\/wp-content\\\/uploads\\\/2025\\\/02\\\/barfuss-logo.png?fit=191%2C45&ssl=1\",\"width\":191,\"height\":45,\"caption\":\"Barfuss Shop\"},\"image\":{\"@id\":\"https:\\\/\\\/barfussshop.ch\\\/#\\\/schema\\\/logo\\\/image\\\/\"},\"sameAs\":[\"https:\\\/\\\/www.facebook.com\\\/barfussshop.ch\",\"https:\\\/\\\/www.instagram.com\\\/barfussschuhe_ch\\\/\"]}]}<\/script>\n<!-- \/ Yoast SEO plugin. -->","yoast_head_json":{"title":"About Barfuss Shop - Barfuss Shop","robots":{"index":"noindex","follow":"follow"},"og_locale":"de_DE","og_type":"article","og_title":"About Barfuss Shop - Barfuss Shop","og_description":"About Barfuss Shop Meet the Founder Barfuss Shop was founded by Dr. Indranil Bhattacharya (Indi), a research scientist in metabolic diseases at the University of Zurich, an endurance runner and a barefoot enthusiast. His deep understanding of biomechanics and passion for natural movement have been instrumental in shaping the store\u2019s philosophy. Driven by a mission [&hellip;]","og_url":"https:\/\/barfussshop.ch\/de\/about-barfuss-shop\/","og_site_name":"Barfuss Shop","article_publisher":"https:\/\/www.facebook.com\/barfussshop.ch","article_modified_time":"2026-03-02T06:30:58+00:00","og_image":[{"url":"https:\/\/barfussshop.ch\/wp-content\/uploads\/2025\/03\/indi-barfuss.jpg","type":"","width":"","height":""}],"twitter_card":"summary_large_image","twitter_misc":{"Gesch\u00e4tzte Lesezeit":"3\u00a0Minuten"},"schema":{"@context":"https:\/\/schema.org","@graph":[{"@type":"WebPage","@id":"https:\/\/barfussshop.ch\/about-barfuss-shop\/","url":"https:\/\/barfussshop.ch\/about-barfuss-shop\/","name":"About Barfuss Shop - Barfuss Shop","isPartOf":{"@id":"https:\/\/barfussshop.ch\/#website"},"primaryImageOfPage":{"@id":"https:\/\/barfussshop.ch\/about-barfuss-shop\/#primaryimage"},"image":{"@id":"https:\/\/barfussshop.ch\/about-barfuss-shop\/#primaryimage"},"thumbnailUrl":"https:\/\/barfussshop.ch\/wp-content\/uploads\/2025\/03\/indi-barfuss.jpg","datePublished":"2025-02-28T07:41:40+00:00","dateModified":"2026-03-02T06:30:58+00:00","breadcrumb":{"@id":"https:\/\/barfussshop.ch\/about-barfuss-shop\/#breadcrumb"},"inLanguage":"de","potentialAction":[{"@type":"ReadAction","target":["https:\/\/barfussshop.ch\/about-barfuss-shop\/"]}]},{"@type":"ImageObject","inLanguage":"de","@id":"https:\/\/barfussshop.ch\/about-barfuss-shop\/#primaryimage","url":"https:\/\/barfussshop.ch\/wp-content\/uploads\/2025\/03\/indi-barfuss.jpg","contentUrl":"https:\/\/barfussshop.ch\/wp-content\/uploads\/2025\/03\/indi-barfuss.jpg"},{"@type":"BreadcrumbList","@id":"https:\/\/barfussshop.ch\/about-barfuss-shop\/#breadcrumb","itemListElement":[{"@type":"ListItem","position":1,"name":"Home","item":"https:\/\/barfussshop.ch\/"},{"@type":"ListItem","position":2,"name":"About Barfuss Shop"}]},{"@type":"WebSite","@id":"https:\/\/barfussshop.ch\/#website","url":"https:\/\/barfussshop.ch\/","name":"Barfuss Shop","description":"Barfuss Shop","publisher":{"@id":"https:\/\/barfussshop.ch\/#organization"},"potentialAction":[{"@type":"SearchAction","target":{"@type":"EntryPoint","urlTemplate":"https:\/\/barfussshop.ch\/?s={search_term_string}"},"query-input":{"@type":"PropertyValueSpecification","valueRequired":true,"valueName":"search_term_string"}}],"inLanguage":"de"},{"@type":"Organization","@id":"https:\/\/barfussshop.ch\/#organization","name":"Barfuss Shop","url":"https:\/\/barfussshop.ch\/","logo":{"@type":"ImageObject","inLanguage":"de","@id":"https:\/\/barfussshop.ch\/#\/schema\/logo\/image\/","url":"https:\/\/i0.wp.com\/barfussshop.ch\/wp-content\/uploads\/2025\/02\/barfuss-logo.png?fit=191%2C45&ssl=1","contentUrl":"https:\/\/i0.wp.com\/barfussshop.ch\/wp-content\/uploads\/2025\/02\/barfuss-logo.png?fit=191%2C45&ssl=1","width":191,"height":45,"caption":"Barfuss Shop"},"image":{"@id":"https:\/\/barfussshop.ch\/#\/schema\/logo\/image\/"},"sameAs":["https:\/\/www.facebook.com\/barfussshop.ch","https:\/\/www.instagram.com\/barfussschuhe_ch\/"]}]}},"jetpack_sharing_enabled":true,"_links":{"self":[{"href":"https:\/\/barfussshop.ch\/de\/wp-json\/wp\/v2\/pages\/2378","targetHints":{"allow":["GET"]}}],"collection":[{"href":"https:\/\/barfussshop.ch\/de\/wp-json\/wp\/v2\/pages"}],"about":[{"href":"https:\/\/barfussshop.ch\/de\/wp-json\/wp\/v2\/types\/page"}],"author":[{"embeddable":true,"href":"https:\/\/barfussshop.ch\/de\/wp-json\/wp\/v2\/users\/1"}],"replies":[{"embeddable":true,"href":"https:\/\/barfussshop.ch\/de\/wp-json\/wp\/v2\/comments?post=2378"}],"version-history":[{"count":20,"href":"https:\/\/barfussshop.ch\/de\/wp-json\/wp\/v2\/pages\/2378\/revisions"}],"predecessor-version":[{"id":2990,"href":"https:\/\/barfussshop.ch\/de\/wp-json\/wp\/v2\/pages\/2378\/revisions\/2990"}],"wp:attachment":[{"href":"https:\/\/barfussshop.ch\/de\/wp-json\/wp\/v2\/media?parent=2378"}],"curies":[{"name":"wp","href":"https:\/\/api.w.org\/{rel}","templated":true}]}}