{"id":2955,"date":"2026-02-26T14:33:04","date_gmt":"2026-02-26T14:33:04","guid":{"rendered":"https:\/\/barfussshop.ch\/?post_type=product&#038;p=2955"},"modified":"2026-02-27T17:25:01","modified_gmt":"2026-02-27T17:25:01","slug":"leguano-bareboot","status":"publish","type":"product","link":"https:\/\/barfussshop.ch\/de\/produkt\/leguano-bareboot\/","title":{"rendered":"Leguano Bareboot"},"content":{"rendered":"<p><strong>Material:<\/strong><br \/>\nObermaterial: 90% Polyamid, 10% Polyurethan<br \/>\nInnenmaterial: 75% Polyamid, 25 % Polyester.<br \/>\nInnensohle: 80% Schurwolle (museling free), 20% Polyester<br \/>\nSohle: LIFOLIT\u00ae-lg<\/p>\n<p><strong>Lieferung:<\/strong><br \/>\n2-7 Arbeitstage.<\/p>\n<p><strong>Pflegehinweis:<\/strong><br \/>\nBei 30\u00b0C im W\u00e4schenetz waschen (Schonwaschgang). Feinwaschmittel, keinen Weichsp\u00fcler und kein Pulver verwenden. Separat oder mit \u00e4hnlichen Farben waschen. Nicht Trockner geeignet.<\/p>\n<p>F\u00fcr den Umtausch kontaktieren Sie uns bitte. Achten Sie bitte darauf, dass die Schuhe nicht besch\u00e4digt oder verschmutzt sind.<\/p>\n<p>Wen Sie noch Fragen haben, senden Sie uns bitte eine E-Mail an info@barfussshop.ch oder eine SMS an 078 770 06 13. Wir helfen Ihnen gerne weiter.<\/p>\n<p>Dieses Modell kann zus\u00e4tzlich zur Online-Bestellung in Winterthur an der T\u00f6sstalstrasse 16 im \"Ganapati Yogazentrum\" anprobiert und gekauft werden.<\/p>","protected":false},"excerpt":{"rendered":"<p>Waren Sie schon mal in Chelsea? Das vornehme Londoner Viertel, in dem Gr\u00f6ssen wie Gwyneth Paltrow oder Mick Jagger leben, steht seit Jahrhunderten f\u00fcr Kultur und k\u00fcnstlerische Freiheit. Letztere sollte bei einem Chelsea Boot nicht zu kurz kommen, dachte sich leguano, und entwarf den zeitlos sch\u00f6nen \"leguano bareboot\" mit art-gerechter Barfuss-Freiheit als Hommage an den englischen Klassiker. Die praktische Kombination aus elastischem Einsatz und Rei\u00dfverschluss sorgt f\u00fcr m\u00fcheloses An- und Ausziehen ganz ohne Schn\u00fcrsenkel. \"Best of British\" made in Germany \u2013 Win-win-Situationen k\u00f6nnen ja so bequem sein!<\/p>\n<ul>\n<li>Chelsea-Style trifft Barfusskomfort<\/li>\n<li>Made in Germany: handgefertigt, nachhaltig, langlebig<\/li>\n<li>Qualit\u00e4t, die man sp\u00fcrt<\/li>\n<\/ul>\n<p><a class=\"popmake-1650\" href=\"#\"><strong>Gr\u00f6ssenfinder<\/strong><\/a>\u00a0\u00a0\u00a0<a style=\"color: #1bbcb4 !important;\" href=\"https:\/\/barfussshop.ch\/wp-content\/uploads\/2023\/09\/leguano-groessenschablone_2206.pdf\" target=\"blank\" rel=\"noopener\"><strong>Schuhgr\u00f6sse finden<\/strong><\/a><\/p>","protected":false},"featured_media":2974,"comment_status":"open","ping_status":"closed","template":"","meta":{"nf_dc_page":"","ocean_post_layout":"","ocean_both_sidebars_style":"","ocean_both_sidebars_content_width":0,"ocean_both_sidebars_sidebars_width":0,"ocean_sidebar":"0","ocean_second_sidebar":"0","ocean_disable_margins":"enable","ocean_add_body_class":"","ocean_shortcode_before_top_bar":"","ocean_shortcode_after_top_bar":"","ocean_shortcode_before_header":"","ocean_shortcode_after_header":"","ocean_has_shortcode":"","ocean_shortcode_after_title":"","ocean_shortcode_before_footer_widgets":"","ocean_shortcode_after_footer_widgets":"","ocean_shortcode_before_footer_bottom":"","ocean_shortcode_after_footer_bottom":"","ocean_display_top_bar":"default","ocean_display_header":"default","ocean_header_style":"","ocean_center_header_left_menu":"0","ocean_custom_header_template":"0","ocean_custom_logo":0,"ocean_custom_retina_logo":0,"ocean_custom_logo_max_width":0,"ocean_custom_logo_tablet_max_width":0,"ocean_custom_logo_mobile_max_width":0,"ocean_custom_logo_max_height":0,"ocean_custom_logo_tablet_max_height":0,"ocean_custom_logo_mobile_max_height":0,"ocean_header_custom_menu":"0","ocean_menu_typo_font_family":"0","ocean_menu_typo_font_subset":"","ocean_menu_typo_font_size":0,"ocean_menu_typo_font_size_tablet":0,"ocean_menu_typo_font_size_mobile":0,"ocean_menu_typo_font_size_unit":"px","ocean_menu_typo_font_weight":"","ocean_menu_typo_font_weight_tablet":"","ocean_menu_typo_font_weight_mobile":"","ocean_menu_typo_transform":"","ocean_menu_typo_transform_tablet":"","ocean_menu_typo_transform_mobile":"","ocean_menu_typo_line_height":0,"ocean_menu_typo_line_height_tablet":0,"ocean_menu_typo_line_height_mobile":0,"ocean_menu_typo_line_height_unit":"","ocean_menu_typo_spacing":0,"ocean_menu_typo_spacing_tablet":0,"ocean_menu_typo_spacing_mobile":0,"ocean_menu_typo_spacing_unit":"","ocean_menu_link_color":"","ocean_menu_link_color_hover":"","ocean_menu_link_color_active":"","ocean_menu_link_background":"","ocean_menu_link_hover_background":"","ocean_menu_link_active_background":"","ocean_menu_social_links_bg":"","ocean_menu_social_hover_links_bg":"","ocean_menu_social_links_color":"","ocean_menu_social_hover_links_color":"","ocean_disable_title":"default","ocean_disable_heading":"default","ocean_post_title":"","ocean_post_subheading":"","ocean_post_title_style":"","ocean_post_title_background_color":"","ocean_post_title_background":0,"ocean_post_title_bg_image_position":"","ocean_post_title_bg_image_attachment":"","ocean_post_title_bg_image_repeat":"","ocean_post_title_bg_image_size":"","ocean_post_title_height":400,"ocean_post_title_bg_overlay":0.5,"ocean_post_title_bg_overlay_color":"","ocean_disable_breadcrumbs":"default","ocean_breadcrumbs_color":"","ocean_breadcrumbs_separator_color":"","ocean_breadcrumbs_links_color":"","ocean_breadcrumbs_links_hover_color":"","ocean_display_footer_widgets":"default","ocean_display_footer_bottom":"default","ocean_custom_footer_template":"0"},"pwb-brand":[90],"product_brand":[],"product_cat":[66,51,49],"product_tag":[],"class_list":{"0":"post-2955","1":"product","2":"type-product","3":"status-publish","4":"has-post-thumbnail","6":"pwb-brand-leguano","7":"product_cat-casual","8":"product_cat-outdoor","9":"product_cat-women","10":"pa_size-42","11":"pa_size-34","12":"pa_size-35","13":"pa_size-36","14":"pa_size-37","15":"pa_size-38","16":"pa_size-39","17":"pa_size-40","18":"pa_size-41","19":"pa_size-43","20":"pa_size-44","21":"pa_size-45","23":"entry","24":"has-media","26":"first","27":"instock","28":"shipping-taxable","29":"purchasable","30":"product-type-variable","31":"has-product-nav","32":"col","33":"span_1_of_3","34":"owp-content-center","35":"owp-thumbs-layout-horizontal","36":"owp-btn-normal","37":"owp-tabs-layout-horizontal"},"yoast_head":"<!-- This site is optimized with the Yoast SEO plugin v27.4 - https:\/\/yoast.com\/product\/yoast-seo-wordpress\/ -->\n<title>Bestellen Sie Leguano Bareboot online bei Barfuss Shop. Gratis Versand.<\/title>\n<meta name=\"description\" content=\"Kaufen Sie Leguano Bareboot online bei Barfuss Shop, Winterthur. Original Barfussschuhe mit gratis Versand in der Schweiz und einfacher R\u00fcckgabe. Online bestellen.\" \/>\n<meta name=\"robots\" content=\"index, follow, max-snippet:-1, max-image-preview:large, max-video-preview:-1\" \/>\n<link rel=\"canonical\" href=\"https:\/\/barfussshop.ch\/de\/produkt\/leguano-bareboot\/\" \/>\n<meta property=\"og:locale\" content=\"de_DE\" \/>\n<meta property=\"og:type\" content=\"article\" \/>\n<meta property=\"og:title\" content=\"Bestellen Sie Leguano Bareboot online bei Barfuss Shop. Gratis Versand.\" \/>\n<meta property=\"og:description\" content=\"Kaufen Sie Leguano Bareboot online bei Barfuss Shop, Winterthur. Original Barfussschuhe mit gratis Versand in der Schweiz und einfacher R\u00fcckgabe. Online bestellen.\" \/>\n<meta property=\"og:url\" content=\"https:\/\/barfussshop.ch\/de\/produkt\/leguano-bareboot\/\" \/>\n<meta property=\"og:site_name\" content=\"Barfuss Shop\" \/>\n<meta property=\"article:publisher\" content=\"https:\/\/www.facebook.com\/barfussshop.ch\" \/>\n<meta property=\"article:modified_time\" content=\"2026-02-27T17:25:01+00:00\" \/>\n<meta property=\"og:image\" content=\"https:\/\/barfussshop.ch\/wp-content\/uploads\/2026\/02\/bareboot-1-scaled.jpg\" \/>\n\t<meta property=\"og:image:width\" content=\"2560\" \/>\n\t<meta property=\"og:image:height\" content=\"2560\" \/>\n\t<meta property=\"og:image:type\" content=\"image\/jpeg\" \/>\n<meta name=\"twitter:card\" content=\"summary_large_image\" \/>\n<meta name=\"twitter:label1\" content=\"Gesch\u00e4tzte Lesezeit\" \/>\n\t<meta name=\"twitter:data1\" content=\"1\u00a0Minute\" \/>\n<script type=\"application\/ld+json\" class=\"yoast-schema-graph\">{\"@context\":\"https:\\\/\\\/schema.org\",\"@graph\":[{\"@type\":\"WebPage\",\"@id\":\"https:\\\/\\\/barfussshop.ch\\\/product\\\/leguano-bareboot\\\/\",\"url\":\"https:\\\/\\\/barfussshop.ch\\\/de\\\/produkt\\\/leguano-bareboot\\\/\",\"name\":\"Bestellen Sie Leguano Bareboot online bei Barfuss Shop. Gratis Versand.\",\"isPartOf\":{\"@id\":\"https:\\\/\\\/barfussshop.ch\\\/#website\"},\"primaryImageOfPage\":{\"@id\":\"https:\\\/\\\/barfussshop.ch\\\/de\\\/produkt\\\/leguano-bareboot\\\/#primaryimage\"},\"image\":{\"@id\":\"https:\\\/\\\/barfussshop.ch\\\/de\\\/produkt\\\/leguano-bareboot\\\/#primaryimage\"},\"thumbnailUrl\":\"https:\\\/\\\/i0.wp.com\\\/barfussshop.ch\\\/wp-content\\\/uploads\\\/2026\\\/02\\\/bareboot-1-scaled.jpg?fit=2560%2C2560&ssl=1\",\"datePublished\":\"2026-02-26T14:33:04+00:00\",\"dateModified\":\"2026-02-27T17:25:01+00:00\",\"description\":\"Kaufen Sie Leguano Bareboot online bei Barfuss Shop, Winterthur. Original Barfussschuhe mit gratis Versand in der Schweiz und einfacher R\u00fcckgabe. Online bestellen.\",\"breadcrumb\":{\"@id\":\"https:\\\/\\\/barfussshop.ch\\\/de\\\/produkt\\\/leguano-bareboot\\\/#breadcrumb\"},\"inLanguage\":\"de\",\"potentialAction\":[{\"@type\":\"ReadAction\",\"target\":[\"https:\\\/\\\/barfussshop.ch\\\/de\\\/produkt\\\/leguano-bareboot\\\/\"]}]},{\"@type\":\"ImageObject\",\"inLanguage\":\"de\",\"@id\":\"https:\\\/\\\/barfussshop.ch\\\/de\\\/produkt\\\/leguano-bareboot\\\/#primaryimage\",\"url\":\"https:\\\/\\\/i0.wp.com\\\/barfussshop.ch\\\/wp-content\\\/uploads\\\/2026\\\/02\\\/bareboot-1-scaled.jpg?fit=2560%2C2560&ssl=1\",\"contentUrl\":\"https:\\\/\\\/i0.wp.com\\\/barfussshop.ch\\\/wp-content\\\/uploads\\\/2026\\\/02\\\/bareboot-1-scaled.jpg?fit=2560%2C2560&ssl=1\",\"width\":2560,\"height\":2560},{\"@type\":\"BreadcrumbList\",\"@id\":\"https:\\\/\\\/barfussshop.ch\\\/de\\\/produkt\\\/leguano-bareboot\\\/#breadcrumb\",\"itemListElement\":[{\"@type\":\"ListItem\",\"position\":1,\"name\":\"Home\",\"item\":\"https:\\\/\\\/barfussshop.ch\\\/\"},{\"@type\":\"ListItem\",\"position\":2,\"name\":\"Shop\",\"item\":\"https:\\\/\\\/barfussshop.ch\\\/barfuss-schuhe-shop\\\/\"},{\"@type\":\"ListItem\",\"position\":3,\"name\":\"Leguano Bareboot\"}]},{\"@type\":\"WebSite\",\"@id\":\"https:\\\/\\\/barfussshop.ch\\\/#website\",\"url\":\"https:\\\/\\\/barfussshop.ch\\\/\",\"name\":\"Barfuss Shop\",\"description\":\"Barfuss Shop\",\"publisher\":{\"@id\":\"https:\\\/\\\/barfussshop.ch\\\/#organization\"},\"potentialAction\":[{\"@type\":\"SearchAction\",\"target\":{\"@type\":\"EntryPoint\",\"urlTemplate\":\"https:\\\/\\\/barfussshop.ch\\\/?s={search_term_string}\"},\"query-input\":{\"@type\":\"PropertyValueSpecification\",\"valueRequired\":true,\"valueName\":\"search_term_string\"}}],\"inLanguage\":\"de\"},{\"@type\":\"Organization\",\"@id\":\"https:\\\/\\\/barfussshop.ch\\\/#organization\",\"name\":\"Barfuss Shop\",\"url\":\"https:\\\/\\\/barfussshop.ch\\\/\",\"logo\":{\"@type\":\"ImageObject\",\"inLanguage\":\"de\",\"@id\":\"https:\\\/\\\/barfussshop.ch\\\/#\\\/schema\\\/logo\\\/image\\\/\",\"url\":\"https:\\\/\\\/i0.wp.com\\\/barfussshop.ch\\\/wp-content\\\/uploads\\\/2025\\\/02\\\/barfuss-logo.png?fit=191%2C45&ssl=1\",\"contentUrl\":\"https:\\\/\\\/i0.wp.com\\\/barfussshop.ch\\\/wp-content\\\/uploads\\\/2025\\\/02\\\/barfuss-logo.png?fit=191%2C45&ssl=1\",\"width\":191,\"height\":45,\"caption\":\"Barfuss Shop\"},\"image\":{\"@id\":\"https:\\\/\\\/barfussshop.ch\\\/#\\\/schema\\\/logo\\\/image\\\/\"},\"sameAs\":[\"https:\\\/\\\/www.facebook.com\\\/barfussshop.ch\",\"https:\\\/\\\/www.instagram.com\\\/barfussschuhe_ch\\\/\"]}]}<\/script>\n<!-- \/ Yoast SEO plugin. -->","yoast_head_json":{"title":"Bestellen Sie Leguano Bareboot online bei Barfuss Shop. Gratis Versand.","description":"Kaufen Sie Leguano Bareboot online bei Barfuss Shop, Winterthur. Original Barfussschuhe mit gratis Versand in der Schweiz und einfacher R\u00fcckgabe. Online bestellen.","robots":{"index":"index","follow":"follow","max-snippet":"max-snippet:-1","max-image-preview":"max-image-preview:large","max-video-preview":"max-video-preview:-1"},"canonical":"https:\/\/barfussshop.ch\/de\/produkt\/leguano-bareboot\/","og_locale":"de_DE","og_type":"article","og_title":"Bestellen Sie Leguano Bareboot online bei Barfuss Shop. Gratis Versand.","og_description":"Kaufen Sie Leguano Bareboot online bei Barfuss Shop, Winterthur. Original Barfussschuhe mit gratis Versand in der Schweiz und einfacher R\u00fcckgabe. Online bestellen.","og_url":"https:\/\/barfussshop.ch\/de\/produkt\/leguano-bareboot\/","og_site_name":"Barfuss Shop","article_publisher":"https:\/\/www.facebook.com\/barfussshop.ch","article_modified_time":"2026-02-27T17:25:01+00:00","og_image":[{"width":2560,"height":2560,"url":"https:\/\/barfussshop.ch\/wp-content\/uploads\/2026\/02\/bareboot-1-scaled.jpg","type":"image\/jpeg"}],"twitter_card":"summary_large_image","twitter_misc":{"Gesch\u00e4tzte Lesezeit":"1\u00a0Minute"},"schema":{"@context":"https:\/\/schema.org","@graph":[{"@type":"WebPage","@id":"https:\/\/barfussshop.ch\/product\/leguano-bareboot\/","url":"https:\/\/barfussshop.ch\/de\/produkt\/leguano-bareboot\/","name":"Bestellen Sie Leguano Bareboot online bei Barfuss Shop. Gratis Versand.","isPartOf":{"@id":"https:\/\/barfussshop.ch\/#website"},"primaryImageOfPage":{"@id":"https:\/\/barfussshop.ch\/de\/produkt\/leguano-bareboot\/#primaryimage"},"image":{"@id":"https:\/\/barfussshop.ch\/de\/produkt\/leguano-bareboot\/#primaryimage"},"thumbnailUrl":"https:\/\/i0.wp.com\/barfussshop.ch\/wp-content\/uploads\/2026\/02\/bareboot-1-scaled.jpg?fit=2560%2C2560&ssl=1","datePublished":"2026-02-26T14:33:04+00:00","dateModified":"2026-02-27T17:25:01+00:00","description":"Kaufen Sie Leguano Bareboot online bei Barfuss Shop, Winterthur. Original Barfussschuhe mit gratis Versand in der Schweiz und einfacher R\u00fcckgabe. Online bestellen.","breadcrumb":{"@id":"https:\/\/barfussshop.ch\/de\/produkt\/leguano-bareboot\/#breadcrumb"},"inLanguage":"de","potentialAction":[{"@type":"ReadAction","target":["https:\/\/barfussshop.ch\/de\/produkt\/leguano-bareboot\/"]}]},{"@type":"ImageObject","inLanguage":"de","@id":"https:\/\/barfussshop.ch\/de\/produkt\/leguano-bareboot\/#primaryimage","url":"https:\/\/i0.wp.com\/barfussshop.ch\/wp-content\/uploads\/2026\/02\/bareboot-1-scaled.jpg?fit=2560%2C2560&ssl=1","contentUrl":"https:\/\/i0.wp.com\/barfussshop.ch\/wp-content\/uploads\/2026\/02\/bareboot-1-scaled.jpg?fit=2560%2C2560&ssl=1","width":2560,"height":2560},{"@type":"BreadcrumbList","@id":"https:\/\/barfussshop.ch\/de\/produkt\/leguano-bareboot\/#breadcrumb","itemListElement":[{"@type":"ListItem","position":1,"name":"Home","item":"https:\/\/barfussshop.ch\/"},{"@type":"ListItem","position":2,"name":"Shop","item":"https:\/\/barfussshop.ch\/barfuss-schuhe-shop\/"},{"@type":"ListItem","position":3,"name":"Leguano Bareboot"}]},{"@type":"WebSite","@id":"https:\/\/barfussshop.ch\/#website","url":"https:\/\/barfussshop.ch\/","name":"Barfuss Shop","description":"Barfuss Shop","publisher":{"@id":"https:\/\/barfussshop.ch\/#organization"},"potentialAction":[{"@type":"SearchAction","target":{"@type":"EntryPoint","urlTemplate":"https:\/\/barfussshop.ch\/?s={search_term_string}"},"query-input":{"@type":"PropertyValueSpecification","valueRequired":true,"valueName":"search_term_string"}}],"inLanguage":"de"},{"@type":"Organization","@id":"https:\/\/barfussshop.ch\/#organization","name":"Barfuss Shop","url":"https:\/\/barfussshop.ch\/","logo":{"@type":"ImageObject","inLanguage":"de","@id":"https:\/\/barfussshop.ch\/#\/schema\/logo\/image\/","url":"https:\/\/i0.wp.com\/barfussshop.ch\/wp-content\/uploads\/2025\/02\/barfuss-logo.png?fit=191%2C45&ssl=1","contentUrl":"https:\/\/i0.wp.com\/barfussshop.ch\/wp-content\/uploads\/2025\/02\/barfuss-logo.png?fit=191%2C45&ssl=1","width":191,"height":45,"caption":"Barfuss Shop"},"image":{"@id":"https:\/\/barfussshop.ch\/#\/schema\/logo\/image\/"},"sameAs":["https:\/\/www.facebook.com\/barfussshop.ch","https:\/\/www.instagram.com\/barfussschuhe_ch\/"]}]}},"jetpack_sharing_enabled":true,"brands":[{"id":90,"name":"Leguano","slug":"leguano"}],"_links":{"self":[{"href":"https:\/\/barfussshop.ch\/de\/wp-json\/wp\/v2\/product\/2955","targetHints":{"allow":["GET"]}}],"collection":[{"href":"https:\/\/barfussshop.ch\/de\/wp-json\/wp\/v2\/product"}],"about":[{"href":"https:\/\/barfussshop.ch\/de\/wp-json\/wp\/v2\/types\/product"}],"replies":[{"embeddable":true,"href":"https:\/\/barfussshop.ch\/de\/wp-json\/wp\/v2\/comments?post=2955"}],"wp:featuredmedia":[{"embeddable":true,"href":"https:\/\/barfussshop.ch\/de\/wp-json\/wp\/v2\/media\/2974"}],"wp:attachment":[{"href":"https:\/\/barfussshop.ch\/de\/wp-json\/wp\/v2\/media?parent=2955"}],"wp:term":[{"taxonomy":"pwb-brand","embeddable":true,"href":"https:\/\/barfussshop.ch\/de\/wp-json\/wp\/v2\/pwb-brand?post=2955"},{"taxonomy":"product_brand","embeddable":true,"href":"https:\/\/barfussshop.ch\/de\/wp-json\/wp\/v2\/product_brand?post=2955"},{"taxonomy":"product_cat","embeddable":true,"href":"https:\/\/barfussshop.ch\/de\/wp-json\/wp\/v2\/product_cat?post=2955"},{"taxonomy":"product_tag","embeddable":true,"href":"https:\/\/barfussshop.ch\/de\/wp-json\/wp\/v2\/product_tag?post=2955"}],"curies":[{"name":"wp","href":"https:\/\/api.w.org\/{rel}","templated":true}]}}